{"id":1332787,"date":"2020-10-16T11:36:27","date_gmt":"2020-10-16T09:36:27","guid":{"rendered":"https:\/\/laboklin.de\/leistungen\/mikrobiologie-parasitologie\/untersuchungen-bei-verdauungsstoerungen-und-diarrhoee\/"},"modified":"2023-01-31T16:09:39","modified_gmt":"2023-01-31T15:09:39","slug":"untersuchungen-bei-verdauungsstoerungen-und-diarrhoee","status":"publish","type":"page","link":"https:\/\/laboklin.de\/de-at\/leistungen\/mikrobiologie-parasitologie\/untersuchungen-bei-verdauungsstoerungen-und-diarrhoee\/","title":{"rendered":"Untersuchungen bei Verdauungsst\u00f6rungen und Diarrh\u00f6e"},"content":{"rendered":"<div class=\"wpb-content-wrapper\"><p>[vc_row][vc_column][vc_column_text]<div class=\"vc_tta-panels-container\"><div class=\"vc_tta-panels\"><li class=\"menu-item sub-page\"><a href=\"https:\/\/laboklin.de\/de-at\/leistungen\/mikrobiologie-parasitologie\/untersuchungen-bei-verdauungsstoerungen-und-diarrhoee\/kotprofile\/\">Kotprofile<\/a><\/li><li class=\"menu-item sub-page\"><a href=\"https:\/\/laboklin.de\/de-at\/leistungen\/mikrobiologie-parasitologie\/untersuchungen-bei-verdauungsstoerungen-und-diarrhoee\/einzelbestimmungen-bakterien\/\">Einzelbestimmungen (Bakterien)<\/a><\/li><li class=\"menu-item sub-page\"><a href=\"https:\/\/laboklin.de\/de-at\/leistungen\/mikrobiologie-parasitologie\/untersuchungen-bei-verdauungsstoerungen-und-diarrhoee\/einzelbestimmungen-viren\/\">Einzelbestimmungen (Viren)<\/a><\/li><li class=\"menu-item sub-page\"><a href=\"https:\/\/laboklin.de\/de-at\/leistungen\/mikrobiologie-parasitologie\/untersuchungen-bei-verdauungsstoerungen-und-diarrhoee\/untersuchungen-bei-maldigestion-malabsorption\/\">Untersuchungen bei Maldigestion \/ Malabsorption<\/a><\/li><li class=\"menu-item sub-page\"><a href=\"https:\/\/laboklin.de\/de-at\/leistungen\/mikrobiologie-parasitologie\/untersuchungen-bei-verdauungsstoerungen-und-diarrhoee\/erfassung-eines-entzuendlich-exsudativen-geschehens\/\">Erfassung eines entz\u00fcndlich-exsudativen Geschehens<\/a><\/li><li class=\"menu-item sub-page\"><a href=\"https:\/\/laboklin.de\/de-at\/leistungen\/mikrobiologie-parasitologie\/untersuchungen-bei-verdauungsstoerungen-und-diarrhoee\/mikrobiomanalyse\/\">Mikrobiomanalyse<\/a><\/li><\/div><\/div>[\/vc_column_text][\/vc_column][\/vc_row][vc_row][vc_column][vc_column_text css=&#8220;.vc_custom_1664284834345{margin-top: 20px !important;}&#8220;]<\/p>\n<h3>Allgemeine Informationen zu bakteriologischen Untersuchungen bei Verdauungsst\u00f6rungen und Diarrh\u00f6e<\/h3>\n<p class=\"EinfAbs\">Die physiologische Darmflora besteht aus zahlreichen Bakterienspezies, die mit dem Wirt in einem symbiotischen komplexen \u00d6kosystem zusammenleben. Kurz nach der Geburt und der S\u00e4ugephase etabliert sich die gastrointestinale Flora und bleibt f\u00fcr das restliche Leben weitgehend stabil.<\/p>\n<p class=\"EinfAbs\">Innerhalb des Darmtraktes gibt es allerdings erhebliche Verteilungsunterschiede. W\u00e4hrend durch den Einfluss der Magens\u00e4ure, der Galle und der Pankreasenzyme sowie den vorhandenen Schleimhautabwehrsystemen die Keimzahlen im Bereich des Duodenums und des Jejunums eher gering sind, steigen sie im Bereich des Ileoz\u00e4kalbereiches massiv an und erreichen im Bereich des Dickdarmes ihre h\u00f6chste Konzentration. Die Zahl der Anaerobier und fakultativ anaeroben Keime \u00fcberwiegt die Zahl der aeroben Keimflora um das 1000- bis 10000-Fache. Die h\u00f6chsten Konzentrationen werden von Bacteroides spp., Lactobazillen und Bifidobakterien sowie von Enterobacteriaceen erreicht.<\/p>\n<p>[\/vc_column_text][\/vc_column][\/vc_row]<\/p>\n<\/div>","protected":false},"excerpt":{"rendered":"<p>[vc_row][vc_column][vc_column_text][\/vc_column_text][\/vc_column][\/vc_row][vc_row][vc_column][vc_column_text css=&#8220;.vc_custom_1664284834345{margin-top: 20px !important;}&#8220;] Allgemeine Informationen zu bakteriologischen Untersuchungen bei Verdauungsst\u00f6rungen und Diarrh\u00f6e Die physiologische Darmflora besteht aus zahlreichen Bakterienspezies, die mit dem Wirt in einem symbiotischen komplexen \u00d6kosystem zusammenleben. Kurz nach der Geburt und der S\u00e4ugephase etabliert sich die gastrointestinale Flora und bleibt f\u00fcr das restliche Leben weitgehend stabil. Innerhalb des Darmtraktes gibt es&hellip;<\/p>\n","protected":false},"author":1,"featured_media":0,"parent":1332659,"menu_order":2,"comment_status":"closed","ping_status":"closed","template":"","meta":{"_seopress_robots_primary_cat":"","_seopress_titles_title":"","_seopress_titles_desc":"","_seopress_robots_index":"","footnotes":""},"class_list":["post-1332787","page","type-page","status-publish","hentry","description-off"],"_links":{"self":[{"href":"https:\/\/laboklin.de\/de-at\/wp-json\/wp\/v2\/pages\/1332787","targetHints":{"allow":["GET"]}}],"collection":[{"href":"https:\/\/laboklin.de\/de-at\/wp-json\/wp\/v2\/pages"}],"about":[{"href":"https:\/\/laboklin.de\/de-at\/wp-json\/wp\/v2\/types\/page"}],"author":[{"embeddable":true,"href":"https:\/\/laboklin.de\/de-at\/wp-json\/wp\/v2\/users\/1"}],"replies":[{"embeddable":true,"href":"https:\/\/laboklin.de\/de-at\/wp-json\/wp\/v2\/comments?post=1332787"}],"version-history":[{"count":1,"href":"https:\/\/laboklin.de\/de-at\/wp-json\/wp\/v2\/pages\/1332787\/revisions"}],"predecessor-version":[{"id":1332790,"href":"https:\/\/laboklin.de\/de-at\/wp-json\/wp\/v2\/pages\/1332787\/revisions\/1332790"}],"up":[{"embeddable":true,"href":"https:\/\/laboklin.de\/de-at\/wp-json\/wp\/v2\/pages\/1332659"}],"wp:attachment":[{"href":"https:\/\/laboklin.de\/de-at\/wp-json\/wp\/v2\/media?parent=1332787"}],"curies":[{"name":"wp","href":"https:\/\/api.w.org\/{rel}","templated":true}]}}