{"id":1332768,"date":"2020-10-16T11:36:27","date_gmt":"2020-10-16T09:36:27","guid":{"rendered":"https:\/\/laboklin.de\/leistungen\/vitamine-medikamentenspiegel-vergiftungen\/medikamentenspiegel\/"},"modified":"2025-04-01T11:17:20","modified_gmt":"2025-04-01T09:17:20","slug":"medikamentenspiegel","status":"publish","type":"page","link":"https:\/\/laboklin.de\/de-at\/leistungen\/vitamine-medikamentenspiegel-vergiftungen\/medikamentenspiegel\/","title":{"rendered":"Medikamentenspiegel"},"content":{"rendered":"<div class=\"wpb-content-wrapper\"><p>[vc_row][vc_column][vc_column_text]<h3>Leistungsspektrum<\/h3><div class=\"vc_tta-panels-container\"><div class=\"vc_tta-panels\"><li class=\"menu-item sub-page\"><a href=\"https:\/\/laboklin.de\/de-at\/leistungen\/vitamine-medikamentenspiegel-vergiftungen\/medikamentenspiegel\/bromid\/\">Bromid<\/a><\/li><li class=\"menu-item sub-page\"><a href=\"https:\/\/laboklin.de\/de-at\/leistungen\/vitamine-medikamentenspiegel-vergiftungen\/medikamentenspiegel\/ciclosporin\/\">Ciclosporin<\/a><\/li><li class=\"menu-item sub-page\"><a href=\"https:\/\/laboklin.de\/de-at\/leistungen\/vitamine-medikamentenspiegel-vergiftungen\/medikamentenspiegel\/diazepam\/\">Diazepam<\/a><\/li><li class=\"menu-item sub-page\"><a href=\"https:\/\/laboklin.de\/de-at\/leistungen\/vitamine-medikamentenspiegel-vergiftungen\/medikamentenspiegel\/digoxin\/\">Digoxin<\/a><\/li><li class=\"menu-item sub-page\"><a href=\"https:\/\/laboklin.de\/de-at\/leistungen\/vitamine-medikamentenspiegel-vergiftungen\/medikamentenspiegel\/leveteriacetam\/\">Levetiracetam<\/a><\/li><li class=\"menu-item sub-page\"><a href=\"https:\/\/laboklin.de\/de-at\/leistungen\/vitamine-medikamentenspiegel-vergiftungen\/medikamentenspiegel\/phenobarbital\/\">Phenobarbital<\/a><\/li><\/div><\/div>[\/vc_column_text][\/vc_column][\/vc_row][vc_row][vc_column][vc_column_text css=&#8220;.vc_custom_1743498904334{margin-top: 20px !important;}&#8220;]<\/p>\n<h3>Allgemeine Informationen<\/h3>\n<p>Die \u00dcberwachung von Medikamentenspiegeln ist auch beim Tier ein wichtiges Instrument zur Kontrolle der Therapie. Eine exakte individuelle medikament\u00f6se Einstellung erh\u00f6ht die Sicherheit f\u00fcr die Patienten. Au\u00dferdem k\u00f6nnen Nebenwirkungen reduziert werden.[\/vc_column_text][\/vc_column][\/vc_row][vc_row type=&#8220;vc_default&#8220; css=&#8220;.vc_custom_1603291864488{margin-top: 20px !important;}&#8220;][vc_column][vc_column_text]<strong>Insbesondere f\u00fcr das Pferd steht eine Reihe von Medikamentennachweisen im Rahmen der Dopinganalytik zur Verf\u00fcgung.<br \/>\nF\u00fcr R\u00fcckfragen stehen wir gerne zur Verf\u00fcgung.<\/strong><\/p>\n<ul>\n<li class=\"EinfAbs\">Screening auf dopingrelevante Substanzen<\/li>\n<li class=\"EinfAbs\">Antiphlogistika-Screening<\/li>\n<li class=\"EinfAbs\">Glukokortikoid-Screening<\/li>\n<li class=\"EinfAbs\">NSAID-Screening<\/li>\n<li class=\"EinfAbs\">Sedativa\/Tranquilizer<\/li>\n<li class=\"EinfAbs\">Stimulantien<\/li>\n<li class=\"EinfAbs\">Trizyklische Antidepressiva<\/li>\n<\/ul>\n<p>[\/vc_column_text][\/vc_column][\/vc_row]<\/p>\n<\/div>","protected":false},"excerpt":{"rendered":"<p>[vc_row][vc_column][vc_column_text][\/vc_column_text][\/vc_column][\/vc_row][vc_row][vc_column][vc_column_text css=&#8220;.vc_custom_1743498904334{margin-top: 20px !important;}&#8220;] Allgemeine Informationen Die \u00dcberwachung von Medikamentenspiegeln ist auch beim Tier ein wichtiges Instrument zur Kontrolle der Therapie. Eine exakte individuelle medikament\u00f6se Einstellung erh\u00f6ht die Sicherheit f\u00fcr die Patienten. Au\u00dferdem k\u00f6nnen Nebenwirkungen reduziert werden.[\/vc_column_text][\/vc_column][\/vc_row][vc_row type=&#8220;vc_default&#8220; css=&#8220;.vc_custom_1603291864488{margin-top: 20px !important;}&#8220;][vc_column][vc_column_text]Insbesondere f\u00fcr das Pferd steht eine Reihe von Medikamentennachweisen im Rahmen der Dopinganalytik zur Verf\u00fcgung.&hellip;<\/p>\n","protected":false},"author":1,"featured_media":0,"parent":1332651,"menu_order":1,"comment_status":"closed","ping_status":"closed","template":"","meta":{"_seopress_robots_primary_cat":"","_seopress_titles_title":"Medikamentenspiegel \u2013 Therapiekontrolle und Dopinganalytik","_seopress_titles_desc":"Sie finden hier Nachweise zur Therapiekontrolle von Medikamenten in der Tiermedizin. F\u00fcr das Pferd stehen Tests im Rahmen der Dopingkontrolle zur Verf\u00fcgung.","_seopress_robots_index":"","footnotes":""},"class_list":["post-1332768","page","type-page","status-publish","hentry","description-off"],"_links":{"self":[{"href":"https:\/\/laboklin.de\/de-at\/wp-json\/wp\/v2\/pages\/1332768","targetHints":{"allow":["GET"]}}],"collection":[{"href":"https:\/\/laboklin.de\/de-at\/wp-json\/wp\/v2\/pages"}],"about":[{"href":"https:\/\/laboklin.de\/de-at\/wp-json\/wp\/v2\/types\/page"}],"author":[{"embeddable":true,"href":"https:\/\/laboklin.de\/de-at\/wp-json\/wp\/v2\/users\/1"}],"replies":[{"embeddable":true,"href":"https:\/\/laboklin.de\/de-at\/wp-json\/wp\/v2\/comments?post=1332768"}],"version-history":[{"count":1,"href":"https:\/\/laboklin.de\/de-at\/wp-json\/wp\/v2\/pages\/1332768\/revisions"}],"predecessor-version":[{"id":1517222,"href":"https:\/\/laboklin.de\/de-at\/wp-json\/wp\/v2\/pages\/1332768\/revisions\/1517222"}],"up":[{"embeddable":true,"href":"https:\/\/laboklin.de\/de-at\/wp-json\/wp\/v2\/pages\/1332651"}],"wp:attachment":[{"href":"https:\/\/laboklin.de\/de-at\/wp-json\/wp\/v2\/media?parent=1332768"}],"curies":[{"name":"wp","href":"https:\/\/api.w.org\/{rel}","templated":true}]}}