{"id":1332763,"date":"2020-10-16T11:36:27","date_gmt":"2020-10-16T09:36:27","guid":{"rendered":"https:\/\/laboklin.de\/leistungen\/haematologie-klin-chemie-endokrinologie\/endokrinologie-tumormarker\/"},"modified":"2025-03-13T10:13:17","modified_gmt":"2025-03-13T09:13:17","slug":"endokrinologie-tumormarker","status":"publish","type":"page","link":"https:\/\/laboklin.de\/de-at\/leistungen\/haematologie-klin-chemie-endokrinologie\/endokrinologie-tumormarker\/","title":{"rendered":"Endokrinologie \/ Tumormarker"},"content":{"rendered":"<div class=\"wpb-content-wrapper\"><p>[vc_row][vc_column][vc_column_text]<h3>Leistungsspektrum<\/h3><div class=\"vc_tta-panels-container\"><div class=\"vc_tta-panels\"><li class=\"menu-item sub-page\"><a href=\"https:\/\/laboklin.de\/de-at\/leistungen\/haematologie-klin-chemie-endokrinologie\/endokrinologie-tumormarker\/acth-adreno-corticotropes-hormon\/\">ACTH (Adreno-corticotropes Hormon), endogen<\/a><\/li><li class=\"menu-item sub-page\"><a href=\"https:\/\/laboklin.de\/de-at\/leistungen\/haematologie-klin-chemie-endokrinologie\/endokrinologie-tumormarker\/addisonprofil\/\">Addisonprofil<\/a><\/li><li class=\"menu-item sub-page\"><a href=\"https:\/\/laboklin.de\/de-at\/leistungen\/haematologie-klin-chemie-endokrinologie\/endokrinologie-tumormarker\/aldosteron\/\">Aldosteron<\/a><\/li><li class=\"menu-item sub-page\"><a href=\"https:\/\/laboklin.de\/de-at\/leistungen\/haematologie-klin-chemie-endokrinologie\/endokrinologie-tumormarker\/androstendion\/\">Androstendion <\/a><\/li><li class=\"menu-item sub-page\"><a href=\"https:\/\/laboklin.de\/de-at\/leistungen\/haematologie-klin-chemie-endokrinologie\/endokrinologie-tumormarker\/anti-mueller-hormon-amh\/\">Anti-M\u00fcller-Hormon (AMH) <\/a><\/li><li class=\"menu-item sub-page\"><a href=\"https:\/\/laboklin.de\/de-at\/leistungen\/haematologie-klin-chemie-endokrinologie\/endokrinologie-tumormarker\/cortisol\/\">Cortisol<\/a><\/li><li class=\"menu-item sub-page\"><a href=\"https:\/\/laboklin.de\/de-at\/leistungen\/haematologie-klin-chemie-endokrinologie\/endokrinologie-tumormarker\/cortisol-aus-speichel\/\">Cortisol aus Speichel<\/a><\/li><li class=\"menu-item sub-page\"><a href=\"https:\/\/laboklin.de\/de-at\/leistungen\/haematologie-klin-chemie-endokrinologie\/endokrinologie-tumormarker\/cpse-canine-prostate-specific-arginine-esterase\/\">CPSE (Canine Prostate-Specific Arginine Esterase) <\/a><\/li><li class=\"menu-item sub-page\"><a href=\"https:\/\/laboklin.de\/de-at\/leistungen\/haematologie-klin-chemie-endokrinologie\/endokrinologie-tumormarker\/erythropoetin\/\">Erythropoetin<\/a><\/li><li class=\"menu-item sub-page\"><a href=\"https:\/\/laboklin.de\/de-at\/leistungen\/haematologie-klin-chemie-endokrinologie\/endokrinologie-tumormarker\/ft3-freies-trijodthyronin\/\">fT3 (freies Trijodthyronin)<\/a><\/li><li class=\"menu-item sub-page\"><a href=\"https:\/\/laboklin.de\/de-at\/leistungen\/haematologie-klin-chemie-endokrinologie\/endokrinologie-tumormarker\/ft4-freies-thyroxin\/\">fT4 (freies Thyroxin)<\/a><\/li><li class=\"menu-item sub-page\"><a href=\"https:\/\/laboklin.de\/de-at\/leistungen\/haematologie-klin-chemie-endokrinologie\/endokrinologie-tumormarker\/ft4-tsh-hund-katze\/\">fT4 + TSH (Hund, Katze)<\/a><\/li><li class=\"menu-item sub-page\"><a href=\"https:\/\/laboklin.de\/de-at\/leistungen\/haematologie-klin-chemie-endokrinologie\/endokrinologie-tumormarker\/ft4-dialyse\/\">fT4 Dialyse*<\/a><\/li><li class=\"menu-item sub-page\"><a href=\"https:\/\/laboklin.de\/de-at\/leistungen\/haematologie-klin-chemie-endokrinologie\/endokrinologie-tumormarker\/granulosazelltumor-pferd\/\">Granulosazelltumor (Pferd)<\/a><\/li><li class=\"menu-item sub-page\"><a href=\"https:\/\/laboklin.de\/de-at\/leistungen\/haematologie-klin-chemie-endokrinologie\/endokrinologie-tumormarker\/hypothyreose-nti-profil-hund-katze\/\">Hypothyreose\/NTI-Profil (Hund, Katze)<\/a><\/li><li class=\"menu-item sub-page\"><a href=\"https:\/\/laboklin.de\/de-at\/leistungen\/haematologie-klin-chemie-endokrinologie\/endokrinologie-tumormarker\/igf-1-insulin-like-growth-factor-1\/\">IGF-1 (Insulin-like Growth Factor 1)<\/a><\/li><li class=\"menu-item sub-page\"><a href=\"https:\/\/laboklin.de\/de-at\/leistungen\/haematologie-klin-chemie-endokrinologie\/endokrinologie-tumormarker\/insulin\/\">Insulin<\/a><\/li><li class=\"menu-item sub-page\"><a href=\"https:\/\/laboklin.de\/de-at\/leistungen\/haematologie-klin-chemie-endokrinologie\/endokrinologie-tumormarker\/insulin-antikoerper\/\">Insulin-Antik\u00f6rper*<\/a><\/li><li class=\"menu-item sub-page\"><a href=\"https:\/\/laboklin.de\/de-at\/leistungen\/haematologie-klin-chemie-endokrinologie\/endokrinologie-tumormarker\/luteo-plazentarer-shift-pferd\/\">Luteo-plazentarer Shift (Pferd)<\/a><\/li><li class=\"menu-item sub-page\"><a href=\"https:\/\/laboklin.de\/de-at\/leistungen\/haematologie-klin-chemie-endokrinologie\/endokrinologie-tumormarker\/normetanephrin-metanephrin-kreatinin-quotient\/\">Normetanephrin\/Metanephrin-Kreatinin-Quotient<\/a><\/li><li class=\"menu-item sub-page\"><a href=\"https:\/\/laboklin.de\/de-at\/leistungen\/haematologie-klin-chemie-endokrinologie\/endokrinologie-tumormarker\/oestradiol\/\">Oestradiol<\/a><\/li><li class=\"menu-item sub-page\"><a href=\"https:\/\/laboklin.de\/de-at\/leistungen\/haematologie-klin-chemie-endokrinologie\/endokrinologie-tumormarker\/oestronsulfat\/\">Oestronsulfat<\/a><\/li><li class=\"menu-item sub-page\"><a href=\"https:\/\/laboklin.de\/de-at\/leistungen\/haematologie-klin-chemie-endokrinologie\/endokrinologie-tumormarker\/pag-pregnancy-associated-glycoprotein\/\">PAG (Pregnancy-Associated Glycoproteins)<\/a><\/li><li class=\"menu-item sub-page\"><a href=\"https:\/\/laboklin.de\/de-at\/leistungen\/haematologie-klin-chemie-endokrinologie\/endokrinologie-tumormarker\/parathormon-pth\/\">Parathormon (PTH)<\/a><\/li><li class=\"menu-item sub-page\"><a href=\"https:\/\/laboklin.de\/de-at\/leistungen\/haematologie-klin-chemie-endokrinologie\/endokrinologie-tumormarker\/parathormon-rp-parathormon-related-protein\/\">Parathormon-rP (Parathormon-related Protein)*<\/a><\/li><li class=\"menu-item sub-page\"><a href=\"https:\/\/laboklin.de\/de-at\/leistungen\/haematologie-klin-chemie-endokrinologie\/endokrinologie-tumormarker\/pmsg-pregnant-mare-serum-gonadotropin\/\">PMSG (Pregnant Mare Serum Gonodatropin) \/ ECG (Equines Chorion-Gonadotropin)<\/a><\/li><li class=\"menu-item sub-page\"><a href=\"https:\/\/laboklin.de\/de-at\/leistungen\/haematologie-klin-chemie-endokrinologie\/endokrinologie-tumormarker\/pro-bnp-b-type-natriuretic-peptide\/\">NT-pro-BNP (B-Type Natriuretic Peptide)<\/a><\/li><li class=\"menu-item sub-page\"><a href=\"https:\/\/laboklin.de\/de-at\/leistungen\/haematologie-klin-chemie-endokrinologie\/endokrinologie-tumormarker\/progesteron\/\">Progesteron<\/a><\/li><li class=\"menu-item sub-page\"><a href=\"https:\/\/laboklin.de\/de-at\/leistungen\/haematologie-klin-chemie-endokrinologie\/endokrinologie-tumormarker\/17-oh-progesteron\/\">Progesteron, 17-OH<\/a><\/li><li class=\"menu-item sub-page\"><a href=\"https:\/\/laboklin.de\/de-at\/leistungen\/haematologie-klin-chemie-endokrinologie\/endokrinologie-tumormarker\/rt3-reverses-t3\/\">rT3 (reverses T3)<\/a><\/li><li class=\"menu-item sub-page\"><a href=\"https:\/\/laboklin.de\/de-at\/leistungen\/haematologie-klin-chemie-endokrinologie\/endokrinologie-tumormarker\/schilddruese-vorsorgeprofil-ft4-hund\/\">Schilddr\u00fcse Vorsorgeprofil fT4 (Hund)<\/a><\/li><li class=\"menu-item sub-page\"><a href=\"https:\/\/laboklin.de\/de-at\/leistungen\/haematologie-klin-chemie-endokrinologie\/endokrinologie-tumormarker\/schilddruesen-monitoring\/\">Schilddr\u00fcsen-Monitoring<\/a><\/li><li class=\"menu-item sub-page\"><a href=\"https:\/\/laboklin.de\/de-at\/leistungen\/haematologie-klin-chemie-endokrinologie\/endokrinologie-tumormarker\/schilddruesenprofil-hund-katze\/\">Schilddr\u00fcsenprofil (Hund, Katze)<\/a><\/li><li class=\"menu-item sub-page\"><a href=\"https:\/\/laboklin.de\/de-at\/leistungen\/haematologie-klin-chemie-endokrinologie\/endokrinologie-tumormarker\/schilddruesenprofil-hund\/\">Schilddr\u00fcsenprofil (Hund)<\/a><\/li><li class=\"menu-item sub-page\"><a href=\"https:\/\/laboklin.de\/de-at\/leistungen\/haematologie-klin-chemie-endokrinologie\/endokrinologie-tumormarker\/serotonin\/\">Serotonin<\/a><\/li><li class=\"menu-item sub-page\"><a href=\"https:\/\/laboklin.de\/de-at\/leistungen\/haematologie-klin-chemie-endokrinologie\/endokrinologie-tumormarker\/t3-trijodthyronin-gesamt\/\">T3 (Trijodthyronin gesamt)<\/a><\/li><li class=\"menu-item sub-page\"><a href=\"https:\/\/laboklin.de\/de-at\/leistungen\/haematologie-klin-chemie-endokrinologie\/endokrinologie-tumormarker\/t3-t4-antikoerper-hund\/\">T3\/T4-Antik\u00f6rper<\/a><\/li><li class=\"menu-item sub-page\"><a href=\"https:\/\/laboklin.de\/de-at\/leistungen\/haematologie-klin-chemie-endokrinologie\/endokrinologie-tumormarker\/t4-thyroxin-gesamt\/\">T4 (Thyroxin gesamt)<\/a><\/li><li class=\"menu-item sub-page\"><a href=\"https:\/\/laboklin.de\/de-at\/leistungen\/haematologie-klin-chemie-endokrinologie\/endokrinologie-tumormarker\/t4-thyroxin-vogel-reptil\/\">Thyroxin T4 (Vogel, Reptil)<\/a><\/li><li class=\"menu-item sub-page\"><a href=\"https:\/\/laboklin.de\/de-at\/leistungen\/haematologie-klin-chemie-endokrinologie\/endokrinologie-tumormarker\/t4-tsh-hund-katze\/\">T4 + TSH (Hund, Katze)<\/a><\/li><li class=\"menu-item sub-page\"><a href=\"https:\/\/laboklin.de\/de-at\/leistungen\/haematologie-klin-chemie-endokrinologie\/endokrinologie-tumormarker\/t4-tsh-reverses-t3-hund\/\">T4 + TSH + rT3 (Hund, Katze)<\/a><\/li><li class=\"menu-item sub-page\"><a href=\"https:\/\/laboklin.de\/de-at\/leistungen\/haematologie-klin-chemie-endokrinologie\/endokrinologie-tumormarker\/testosteron\/\">Testosteron<\/a><\/li><li class=\"menu-item sub-page\"><a href=\"https:\/\/laboklin.de\/de-at\/leistungen\/haematologie-klin-chemie-endokrinologie\/endokrinologie-tumormarker\/therapiekontrolle-vetoryl-1-x-cortisol\/\">Therapiekontrolle Trilostan (Vetoryl\u00ae) (1 x Cortisol)<\/a><\/li><li class=\"menu-item sub-page\"><a href=\"https:\/\/laboklin.de\/de-at\/leistungen\/haematologie-klin-chemie-endokrinologie\/endokrinologie-tumormarker\/therapiekontrolle-vetoryl-2-x-cortisol\/\">Therapiekontrolle Trilostan (Vetoryl\u00ae) (2 x Cortisol)<\/a><\/li><li class=\"menu-item sub-page\"><a href=\"https:\/\/laboklin.de\/de-at\/leistungen\/haematologie-klin-chemie-endokrinologie\/endokrinologie-tumormarker\/thymidinkinase\/\">Thymidinkinase<\/a><\/li><li class=\"menu-item sub-page\"><a href=\"https:\/\/laboklin.de\/de-at\/leistungen\/haematologie-klin-chemie-endokrinologie\/endokrinologie-tumormarker\/thyreoglobulin-antikoerper-atg\/\">Thyreoglobulin-Antik\u00f6rper (ATG\/TGAA)<\/a><\/li><li class=\"menu-item sub-page\"><a href=\"https:\/\/laboklin.de\/de-at\/leistungen\/haematologie-klin-chemie-endokrinologie\/endokrinologie-tumormarker\/tsh-thyreoidea-stimulierendes-hormon\/\">TSH (Thyreoidea-stimulierendes Hormon)<\/a><\/li><li class=\"menu-item sub-page\"><a href=\"https:\/\/laboklin.de\/de-at\/leistungen\/haematologie-klin-chemie-endokrinologie\/endokrinologie-tumormarker\/tumormarker-afp-alpha-feto-protein\/\">Tumormarker AFP (Alpha-Feto-Protein)<\/a><\/li><li class=\"menu-item sub-page\"><a href=\"https:\/\/laboklin.de\/de-at\/leistungen\/haematologie-klin-chemie-endokrinologie\/endokrinologie-tumormarker\/tumormarker-cea-carcino-embryonales-antigen\/\">Tumormarker CEA (Carcino-embryonales Antigen)<\/a><\/li><li class=\"menu-item sub-page\"><a href=\"https:\/\/laboklin.de\/de-at\/leistungen\/haematologie-klin-chemie-endokrinologie\/endokrinologie-tumormarker\/tumortest-nu-q-hund\/\">Tumortest Nu.Q\u00ae (Hund) <\/a><\/li><\/div><\/div>[\/vc_column_text][\/vc_column][\/vc_row][vc_row][vc_column][vc_column_text css=&#8220;.vc_custom_1612013995964{margin-top: 30px !important;}&#8220;]* Partnerlabor[\/vc_column_text][\/vc_column][\/vc_row][vc_row][vc_column][vc_column_text css=&#8220;.vc_custom_1741598339181{margin-top: 20px !important;}&#8220;]<\/p>\n<h3>Endokrinologie<\/h3>\n<p>Die Diagnostik in der Endokrinologie umfasst die Bestimmung von Hormonspiegeln in Blut und Speichel. Es k\u00f6nnen eine Vielzahl von Stoffwechselst\u00f6rungen bei Haustieren erkannt und \u00fcberwacht werden.<\/p>\n<h3>Tumormarker<\/h3>\n<p>Tumormarker werden von den Tumorzellen selbst gebildet oder stellen eine Reaktion des K\u00f6rpers auf das Tumorgewebe dar. Es handelt sich dabei um Proteine oder Hormone. Tumormarker werden zur Diagnose und \u00dcberwachung von Tumorerkrankungen herangezogen.[\/vc_column_text][\/vc_column][\/vc_row]<\/p>\n<\/div>","protected":false},"excerpt":{"rendered":"<p>[vc_row][vc_column][vc_column_text][\/vc_column_text][\/vc_column][\/vc_row][vc_row][vc_column][vc_column_text css=&#8220;.vc_custom_1612013995964{margin-top: 30px !important;}&#8220;]* Partnerlabor[\/vc_column_text][\/vc_column][\/vc_row][vc_row][vc_column][vc_column_text css=&#8220;.vc_custom_1741598339181{margin-top: 20px !important;}&#8220;] Endokrinologie Die Diagnostik in der Endokrinologie umfasst die Bestimmung von Hormonspiegeln in Blut und Speichel. Es k\u00f6nnen eine Vielzahl von Stoffwechselst\u00f6rungen bei Haustieren erkannt und \u00fcberwacht werden. Tumormarker Tumormarker werden von den Tumorzellen selbst gebildet oder stellen eine Reaktion des K\u00f6rpers auf das Tumorgewebe dar. Es handelt&hellip;<\/p>\n","protected":false},"author":1,"featured_media":0,"parent":1332649,"menu_order":4,"comment_status":"closed","ping_status":"closed","template":"","meta":{"_seopress_robots_primary_cat":"","_seopress_titles_title":"Laboklin: zahlreiche endokrinologische Tests und Tumormarker","_seopress_titles_desc":"T3, T4, Cortisol, Progesteron u.v.m. bei Hund, Katze, Pferd \u2013 hier finden Sie ein breites Spektrum an Hormonuntersuchungen und Tumormarker f\u00fcr Haustiere","_seopress_robots_index":"","footnotes":""},"class_list":["post-1332763","page","type-page","status-publish","hentry","description-off"],"_links":{"self":[{"href":"https:\/\/laboklin.de\/de-at\/wp-json\/wp\/v2\/pages\/1332763","targetHints":{"allow":["GET"]}}],"collection":[{"href":"https:\/\/laboklin.de\/de-at\/wp-json\/wp\/v2\/pages"}],"about":[{"href":"https:\/\/laboklin.de\/de-at\/wp-json\/wp\/v2\/types\/page"}],"author":[{"embeddable":true,"href":"https:\/\/laboklin.de\/de-at\/wp-json\/wp\/v2\/users\/1"}],"replies":[{"embeddable":true,"href":"https:\/\/laboklin.de\/de-at\/wp-json\/wp\/v2\/comments?post=1332763"}],"version-history":[{"count":1,"href":"https:\/\/laboklin.de\/de-at\/wp-json\/wp\/v2\/pages\/1332763\/revisions"}],"predecessor-version":[{"id":1513120,"href":"https:\/\/laboklin.de\/de-at\/wp-json\/wp\/v2\/pages\/1332763\/revisions\/1513120"}],"up":[{"embeddable":true,"href":"https:\/\/laboklin.de\/de-at\/wp-json\/wp\/v2\/pages\/1332649"}],"wp:attachment":[{"href":"https:\/\/laboklin.de\/de-at\/wp-json\/wp\/v2\/media?parent=1332763"}],"curies":[{"name":"wp","href":"https:\/\/api.w.org\/{rel}","templated":true}]}}