{"id":1332761,"date":"2020-10-16T11:36:27","date_gmt":"2020-10-16T09:36:27","guid":{"rendered":"https:\/\/laboklin.de\/leistungen\/haematologie-klin-chemie-endokrinologie\/immunologische-untersuchungen-entzuendungsparameter\/"},"modified":"2025-03-13T10:14:02","modified_gmt":"2025-03-13T09:14:02","slug":"immunologische-untersuchungen-entzuendungsparameter","status":"publish","type":"page","link":"https:\/\/laboklin.de\/de-at\/leistungen\/haematologie-klin-chemie-endokrinologie\/immunologische-untersuchungen-entzuendungsparameter\/","title":{"rendered":"Immunologische Untersuchungen \/ Entz\u00fcndungsparameter"},"content":{"rendered":"<div class=\"wpb-content-wrapper\"><p>[vc_row][vc_column][vc_column_text css=&#8220;&#8220;]<h3>Leistungsspektrum<\/h3><div class=\"vc_tta-panels-container\"><div class=\"vc_tta-panels\"><li class=\"menu-item sub-page\"><a href=\"https:\/\/laboklin.de\/de-at\/leistungen\/haematologie-klin-chemie-endokrinologie\/immunologische-untersuchungen-entzuendungsparameter\/acetylcholinrezeptor-antikoerper\/\">Acetylcholinrezeptor-Antik\u00f6rper<\/a><\/li><li class=\"menu-item sub-page\"><a href=\"https:\/\/laboklin.de\/de-at\/leistungen\/haematologie-klin-chemie-endokrinologie\/immunologische-untersuchungen-entzuendungsparameter\/agp\/\">AGP (\u03b11-saures Glycoprotein)<\/a><\/li><li class=\"menu-item sub-page\"><a href=\"https:\/\/laboklin.de\/de-at\/leistungen\/haematologie-klin-chemie-endokrinologie\/immunologische-untersuchungen-entzuendungsparameter\/anti-erythrozytaere-antikoerper\/\">Anti-erythrozyt\u00e4re Antik\u00f6rper<\/a><\/li><li class=\"menu-item sub-page\"><a href=\"https:\/\/laboklin.de\/de-at\/leistungen\/haematologie-klin-chemie-endokrinologie\/immunologische-untersuchungen-entzuendungsparameter\/antinukleaere-antikoerper-ana\/\">Antinukle\u00e4re Antik\u00f6rper (ANA)<\/a><\/li><li class=\"menu-item sub-page\"><a href=\"https:\/\/laboklin.de\/de-at\/leistungen\/haematologie-klin-chemie-endokrinologie\/immunologische-untersuchungen-entzuendungsparameter\/c-reaktives-protein-crp\/\">C-reaktives Protein (CRP)<\/a><\/li><li class=\"menu-item sub-page\"><a href=\"https:\/\/laboklin.de\/de-at\/leistungen\/haematologie-klin-chemie-endokrinologie\/immunologische-untersuchungen-entzuendungsparameter\/coombs-test-direkt\/\">Coombs-Test (direkt)<\/a><\/li><li class=\"menu-item sub-page\"><a href=\"https:\/\/laboklin.de\/de-at\/leistungen\/haematologie-klin-chemie-endokrinologie\/immunologische-untersuchungen-entzuendungsparameter\/gluten-sensitivitaet\/\">Gluten-Sensitivit\u00e4t<\/a><\/li><li class=\"menu-item sub-page\"><a href=\"https:\/\/laboklin.de\/de-at\/leistungen\/haematologie-klin-chemie-endokrinologie\/immunologische-untersuchungen-entzuendungsparameter\/haptoglobin\/\">Haptoglobin<\/a><\/li><li class=\"menu-item sub-page\"><a href=\"https:\/\/laboklin.de\/de-at\/leistungen\/haematologie-klin-chemie-endokrinologie\/immunologische-untersuchungen-entzuendungsparameter\/immunglobulin-a-iga\/\">Immunglobulin A (IgA)<\/a><\/li><li class=\"menu-item sub-page\"><a href=\"https:\/\/laboklin.de\/de-at\/leistungen\/haematologie-klin-chemie-endokrinologie\/immunologische-untersuchungen-entzuendungsparameter\/immunglobulin-g-igg\/\">Immunglobulin G (IgG)<\/a><\/li><li class=\"menu-item sub-page\"><a href=\"https:\/\/laboklin.de\/de-at\/leistungen\/haematologie-klin-chemie-endokrinologie\/immunologische-untersuchungen-entzuendungsparameter\/immunglobulin-g-igg-bei-neugeborenen\/\">Immunglobulin G (IgG) bei Neugeborenen <\/a><\/li><li class=\"menu-item sub-page\"><a href=\"https:\/\/laboklin.de\/de-at\/leistungen\/haematologie-klin-chemie-endokrinologie\/immunologische-untersuchungen-entzuendungsparameter\/immunglobulin-m-igm\/\">Immunglobulin M (IgM)<\/a><\/li><li class=\"menu-item sub-page\"><a href=\"https:\/\/laboklin.de\/de-at\/leistungen\/haematologie-klin-chemie-endokrinologie\/immunologische-untersuchungen-entzuendungsparameter\/immunstatus\/\">Immunstatus<\/a><\/li><li class=\"menu-item sub-page\"><a href=\"https:\/\/laboklin.de\/de-at\/leistungen\/haematologie-klin-chemie-endokrinologie\/immunologische-untersuchungen-entzuendungsparameter\/leukaemie-lymphom-profil\/\">Leuk\u00e4mie-\/Lymphom-Profil<\/a><\/li><li class=\"menu-item sub-page\"><a href=\"https:\/\/laboklin.de\/de-at\/leistungen\/haematologie-klin-chemie-endokrinologie\/immunologische-untersuchungen-entzuendungsparameter\/leukaemie-immunophaenotypisierung\/\">Leuk\u00e4mie-Immunoph\u00e4notypisierung<\/a><\/li><li class=\"menu-item sub-page\"><a href=\"https:\/\/laboklin.de\/de-at\/leistungen\/haematologie-klin-chemie-endokrinologie\/immunologische-untersuchungen-entzuendungsparameter\/muskelfaser-typ2-antikoerper-kaumuskel-myositis\/\">Muskelfaser-Typ2-Antik\u00f6rper (Kaumuskel-Myositis)*<\/a><\/li><li class=\"menu-item sub-page\"><a href=\"https:\/\/laboklin.de\/de-at\/leistungen\/haematologie-klin-chemie-endokrinologie\/immunologische-untersuchungen-entzuendungsparameter\/rheuma-faktoren-waaler-rose-test\/\">Rheuma-Faktoren (Waaler-Rose-Test)<\/a><\/li><li class=\"menu-item sub-page\"><a href=\"https:\/\/laboklin.de\/de-at\/leistungen\/haematologie-klin-chemie-endokrinologie\/immunologische-untersuchungen-entzuendungsparameter\/serum-amyloid-a-saa\/\">Serum Amyloid A (SAA)<\/a><\/li><li class=\"menu-item sub-page\"><a href=\"https:\/\/laboklin.de\/de-at\/leistungen\/haematologie-klin-chemie-endokrinologie\/immunologische-untersuchungen-entzuendungsparameter\/serumproteinelektrophorese\/\">Serumproteinelektrophorese<\/a><\/li><li class=\"menu-item sub-page\"><a href=\"https:\/\/laboklin.de\/de-at\/leistungen\/haematologie-klin-chemie-endokrinologie\/immunologische-untersuchungen-entzuendungsparameter\/thrombozyten-antikoerper\/\">Thrombozyten-Antik\u00f6rper<\/a><\/li><li class=\"menu-item sub-page\"><a href=\"https:\/\/laboklin.de\/de-at\/leistungen\/haematologie-klin-chemie-endokrinologie\/immunologische-untersuchungen-entzuendungsparameter\/thrombozytopenie-profil-hund\/\">Thrombozytopenie-Profil (Hund)<\/a><\/li><li class=\"menu-item sub-page\"><a href=\"https:\/\/laboklin.de\/de-at\/leistungen\/haematologie-klin-chemie-endokrinologie\/immunologische-untersuchungen-entzuendungsparameter\/thrombozytopenie-profil-gross-hund\/\">Thrombozytopenie-Profil gro\u00df (Hund)<\/a><\/li><\/div><\/div><div class=\"gap\" style=\"line-height: 20px; height: 20px;\"><\/div>\n<p>* Partnerlabor[\/vc_column_text][\/vc_column][\/vc_row][vc_row][vc_column][vc_column_text css=&#8220;.vc_custom_1741350307628{margin-top: 20px !important;}&#8220;]<\/p>\n<h3>Immunologische Untersuchungen \/ Entz\u00fcndungsparameter<\/h3>\n<p>Dieser Bereich beinhaltet Laborparameter, deren Analyse auf immunologischen Methoden beruht. Darunter f\u00e4llt beispielsweise der Nachweis von Autoantik\u00f6rpern. Weiterhin stehen zahlreiche Entz\u00fcndungsmarker zur Diagnose und Verlaufseinsch\u00e4tzung von Entz\u00fcndungsprozessen zur Verf\u00fcgung.[\/vc_column_text][\/vc_column][\/vc_row]<\/p>\n<\/div>","protected":false},"excerpt":{"rendered":"<p>[vc_row][vc_column][vc_column_text css=&#8220;&#8220;] * Partnerlabor[\/vc_column_text][\/vc_column][\/vc_row][vc_row][vc_column][vc_column_text css=&#8220;.vc_custom_1741350307628{margin-top: 20px !important;}&#8220;] Immunologische Untersuchungen \/ Entz\u00fcndungsparameter Dieser Bereich beinhaltet Laborparameter, deren Analyse auf immunologischen Methoden beruht. Darunter f\u00e4llt beispielsweise der Nachweis von Autoantik\u00f6rpern. Weiterhin stehen zahlreiche Entz\u00fcndungsmarker zur Diagnose und Verlaufseinsch\u00e4tzung von Entz\u00fcndungsprozessen zur Verf\u00fcgung.[\/vc_column_text][\/vc_column][\/vc_row]<\/p>\n","protected":false},"author":1,"featured_media":0,"parent":1332649,"menu_order":3,"comment_status":"closed","ping_status":"closed","template":"","meta":{"_seopress_robots_primary_cat":"","_seopress_titles_title":"Immunologische Untersuchungen und Entz\u00fcndungsparameter","_seopress_titles_desc":"Schnelle, zuverl\u00e4ssige Ergebnisse f\u00fcr immunologische Tests und Entz\u00fcndungsmarker beim Tier \u2013 behalten Sie Entz\u00fcndungen und Erkrankungen Ihrer Patienten im Blick","_seopress_robots_index":"","footnotes":""},"class_list":["post-1332761","page","type-page","status-publish","hentry","description-off"],"_links":{"self":[{"href":"https:\/\/laboklin.de\/de-at\/wp-json\/wp\/v2\/pages\/1332761","targetHints":{"allow":["GET"]}}],"collection":[{"href":"https:\/\/laboklin.de\/de-at\/wp-json\/wp\/v2\/pages"}],"about":[{"href":"https:\/\/laboklin.de\/de-at\/wp-json\/wp\/v2\/types\/page"}],"author":[{"embeddable":true,"href":"https:\/\/laboklin.de\/de-at\/wp-json\/wp\/v2\/users\/1"}],"replies":[{"embeddable":true,"href":"https:\/\/laboklin.de\/de-at\/wp-json\/wp\/v2\/comments?post=1332761"}],"version-history":[{"count":2,"href":"https:\/\/laboklin.de\/de-at\/wp-json\/wp\/v2\/pages\/1332761\/revisions"}],"predecessor-version":[{"id":1513061,"href":"https:\/\/laboklin.de\/de-at\/wp-json\/wp\/v2\/pages\/1332761\/revisions\/1513061"}],"up":[{"embeddable":true,"href":"https:\/\/laboklin.de\/de-at\/wp-json\/wp\/v2\/pages\/1332649"}],"wp:attachment":[{"href":"https:\/\/laboklin.de\/de-at\/wp-json\/wp\/v2\/media?parent=1332761"}],"curies":[{"name":"wp","href":"https:\/\/api.w.org\/{rel}","templated":true}]}}