{"id":1332675,"date":"2020-10-16T11:36:27","date_gmt":"2020-10-16T09:36:27","guid":{"rendered":"https:\/\/laboklin.de\/leistungen\/allergie\/allergiediagnostik\/"},"modified":"2025-11-25T09:42:41","modified_gmt":"2025-11-25T08:42:41","slug":"allergiediagnostik","status":"publish","type":"page","link":"https:\/\/laboklin.de\/de-at\/leistungen\/allergie\/allergiediagnostik\/","title":{"rendered":"Allergiediagnostik"},"content":{"rendered":"<div class=\"wpb-content-wrapper\"><p>[vc_row][vc_column][vc_column_text]<h3>Leistungsspektrum<\/h3><div class=\"vc_tta-panels-container\"><div class=\"vc_tta-panels\"><li class=\"menu-item sub-page\"><a href=\"https:\/\/laboklin.de\/de-at\/leistungen\/allergie\/allergiediagnostik\/allergie-profil-haut-pferd\/\">Allergie-Profil Haut (Pferd)<\/a><\/li><li class=\"menu-item sub-page\"><a href=\"https:\/\/laboklin.de\/de-at\/leistungen\/allergie\/allergiediagnostik\/allergie-profil-respiratorisch-pferd\/\">Allergie-Profil respiratorisch (Pferd)<\/a><\/li><li class=\"menu-item sub-page\"><a href=\"https:\/\/laboklin.de\/de-at\/leistungen\/allergie\/allergiediagnostik\/allergievortest\/\">Allergie-Vortest <\/a><\/li><li class=\"menu-item sub-page\"><a href=\"https:\/\/laboklin.de\/de-at\/leistungen\/allergie\/allergiediagnostik\/federn-haare-schuppen\/\">Federn\/Haare\/Schuppen<\/a><\/li><li class=\"menu-item sub-page\"><a href=\"https:\/\/laboklin.de\/de-at\/leistungen\/allergie\/allergiediagnostik\/flohspeichel-ige\/\">Flohspeichel (IgE)<\/a><\/li><li class=\"menu-item sub-page\"><a href=\"https:\/\/laboklin.de\/de-at\/leistungen\/allergie\/allergiediagnostik\/futtermittel-pferd\/\">Futtermittel (Pferd)<\/a><\/li><li class=\"menu-item sub-page\"><a href=\"https:\/\/laboklin.de\/de-at\/leistungen\/allergie\/allergiediagnostik\/futtermittel-allgemein-hund-katze\/\">Futtermittel allgemein (Hund, Katze)<\/a><\/li><li class=\"menu-item sub-page\"><a href=\"https:\/\/laboklin.de\/de-at\/leistungen\/allergie\/allergiediagnostik\/futtermittel-erweitert-hund-katze\/\">Futtermittel erweitert (Hund, Katze)<\/a><\/li><li class=\"menu-item sub-page\"><a href=\"https:\/\/laboklin.de\/de-at\/leistungen\/allergie\/allergiediagnostik\/futtermittel-exotisch-hund-katze\/\">Futtermittel exotisch (Hund, Katze)<\/a><\/li><li class=\"menu-item sub-page\"><a href=\"https:\/\/laboklin.de\/de-at\/leistungen\/allergie\/allergiediagnostik\/futtermittel-profil-hund-katze\/\">Futtermittel-Profil (Hund, Katze)<\/a><\/li><li class=\"menu-item sub-page\"><a href=\"https:\/\/laboklin.de\/de-at\/leistungen\/allergie\/allergiediagnostik\/ganzjaehrige-allergene\/\">Ganzj\u00e4hrige Allergene<\/a><\/li><li class=\"menu-item sub-page\"><a href=\"https:\/\/laboklin.de\/de-at\/leistungen\/allergie\/allergiediagnostik\/hymenoptera\/\">Hymenoptera*<\/a><\/li><li class=\"menu-item sub-page\"><a href=\"https:\/\/laboklin.de\/de-at\/leistungen\/allergie\/allergiediagnostik\/insekten-hund-katze\/\">Insekten (Hund, Katze)<\/a><\/li><li class=\"menu-item sub-page\"><a href=\"https:\/\/laboklin.de\/de-at\/leistungen\/allergie\/allergiediagnostik\/insekten-pferd\/\">Insekten (Pferd)<\/a><\/li><li class=\"menu-item sub-page\"><a href=\"https:\/\/laboklin.de\/de-at\/leistungen\/allergie\/allergiediagnostik\/intrakutantest-einzel-allergen-flaeschchen-hund\/\">Intrakutantest (Hund)<\/a><\/li><li class=\"menu-item sub-page\"><a href=\"https:\/\/laboklin.de\/de-at\/leistungen\/allergie\/allergiediagnostik\/juckreiz-profil-gross-hund\/\">Juckreiz-Profil gro\u00df (Hund)<\/a><\/li><li class=\"menu-item sub-page\"><a href=\"https:\/\/laboklin.de\/de-at\/leistungen\/allergie\/allergiediagnostik\/juckreiz-profil-klein-hund\/\">Juckreiz-Profil klein (Hund)<\/a><\/li><li class=\"menu-item sub-page\"><a href=\"https:\/\/laboklin.de\/de-at\/leistungen\/allergie\/allergiediagnostik\/juckreiz-profil-mittel-hund-katze\/\">Juckreiz-Profil mittel (Hund, Katze)<\/a><\/li><li class=\"menu-item sub-page\"><a href=\"https:\/\/laboklin.de\/de-at\/leistungen\/allergie\/allergiediagnostik\/malassezia\/\">Malassezia<\/a><\/li><li class=\"menu-item sub-page\"><a href=\"https:\/\/laboklin.de\/de-at\/leistungen\/allergie\/allergiediagnostik\/mediterranes-panel\/\">Mediterranes Panel<\/a><\/li><li class=\"menu-item sub-page\"><a href=\"https:\/\/laboklin.de\/de-at\/leistungen\/allergie\/allergiediagnostik\/pax-complete-futtermittel\/\">PAX complete (Futtermittel)<\/a><\/li><li class=\"menu-item sub-page\"><a href=\"https:\/\/laboklin.de\/de-at\/leistungen\/allergie\/allergiediagnostik\/pax-complete-umweltallergene-futtermittel\/\">PAX complete (Umweltallergene + Futtermittel)<\/a><\/li><li class=\"menu-item sub-page\"><a href=\"https:\/\/laboklin.de\/de-at\/leistungen\/allergie\/allergiediagnostik\/pax-complete-umweltallergene\/\">PAX complete (Umweltallergene)<\/a><\/li><li class=\"menu-item sub-page\"><a href=\"https:\/\/laboklin.de\/de-at\/leistungen\/allergie\/allergiediagnostik\/saisonale-allergene\/\">Saisonale Allergene<\/a><\/li><\/div><\/div>[\/vc_column_text][\/vc_column][\/vc_row][vc_row][vc_column][vc_column_text css=&#8220;.vc_custom_1743584317856{margin-top: 20px !important;}&#8220;]<\/p>\n<h3>Allergiediagnostik<\/h3>\n<p>Die Diagnose Allergie ist eine klinische Diagnose, die insbesondere auf eine gr\u00fcndliche Anamnese aufbaut. Die Allergietestung beginnt mit einem Screening-Test und in der Regel wird danach bei entsprechender Anamnese und klinischer Symptomatik ein Haupttest zur Ausdifferenzierung der Allergene empfohlen. Dar\u00fcber hinaus bieten wir verschiedene Allergietests kombiniert in kosteng\u00fcnstigen Profilen an und zahlreiche Futtermittelallergietests f\u00fcr Hund, Katze und Pferd an.[\/vc_column_text][\/vc_column][\/vc_row]<\/p>\n<\/div>","protected":false},"excerpt":{"rendered":"<p>Umfassende Allergiediagnostik \u2013 Screening-Tests, Ausdifferenzierung bestimmter Allergene, Futtermitteltests und kosteng\u00fcnstige Juckreiz-Profile<\/p>\n","protected":false},"author":1,"featured_media":0,"parent":1332656,"menu_order":0,"comment_status":"closed","ping_status":"closed","template":"","meta":{"_seopress_robots_primary_cat":"","_seopress_titles_title":"Allergiediagnostik bei Hund, Katze, Pferd","_seopress_titles_desc":"Professionelle Allergiediagnostik mit umfassender Anamnese und kosteng\u00fcnstigen Allergietests f\u00fcr Hund, Katze und Pferd.","_seopress_robots_index":"","footnotes":""},"class_list":["post-1332675","page","type-page","status-publish","hentry","description-off"],"_links":{"self":[{"href":"https:\/\/laboklin.de\/de-at\/wp-json\/wp\/v2\/pages\/1332675","targetHints":{"allow":["GET"]}}],"collection":[{"href":"https:\/\/laboklin.de\/de-at\/wp-json\/wp\/v2\/pages"}],"about":[{"href":"https:\/\/laboklin.de\/de-at\/wp-json\/wp\/v2\/types\/page"}],"author":[{"embeddable":true,"href":"https:\/\/laboklin.de\/de-at\/wp-json\/wp\/v2\/users\/1"}],"replies":[{"embeddable":true,"href":"https:\/\/laboklin.de\/de-at\/wp-json\/wp\/v2\/comments?post=1332675"}],"version-history":[{"count":4,"href":"https:\/\/laboklin.de\/de-at\/wp-json\/wp\/v2\/pages\/1332675\/revisions"}],"predecessor-version":[{"id":1574730,"href":"https:\/\/laboklin.de\/de-at\/wp-json\/wp\/v2\/pages\/1332675\/revisions\/1574730"}],"up":[{"embeddable":true,"href":"https:\/\/laboklin.de\/de-at\/wp-json\/wp\/v2\/pages\/1332656"}],"wp:attachment":[{"href":"https:\/\/laboklin.de\/de-at\/wp-json\/wp\/v2\/media?parent=1332675"}],"curies":[{"name":"wp","href":"https:\/\/api.w.org\/{rel}","templated":true}]}}