{"id":1332673,"date":"2020-07-06T11:51:51","date_gmt":"2020-07-06T09:51:51","guid":{"rendered":"https:\/\/laboklin.de\/fachinformationen\/praeanalytik\/"},"modified":"2026-02-12T08:44:40","modified_gmt":"2026-02-12T07:44:40","slug":"praeanalytik","status":"publish","type":"page","link":"https:\/\/laboklin.de\/de-at\/fachinformationen\/praeanalytik\/","title":{"rendered":"Pr\u00e4analytik"},"content":{"rendered":"<div class=\"wpb-content-wrapper\"><p>[vc_row][vc_column][vc_column_text css=&#8220;&#8220;]<strong>Der erste Schritt im Untersuchungsprozess einer Probe ist die Pr\u00e4analytik.<\/strong><\/p>\n<p>Die Pr\u00e4analytik beinhaltet alle Schritte von der Patientenvorbereitung \u00fcber die Probenentnahme und den Transport der Probe ins Labor, bis zur Vorbereitung der Probe zur Analyse.[\/vc_column_text][\/vc_column][\/vc_row][vc_row][vc_column][vc_column_text css=&#8220;.vc_custom_1762951308194{margin-top: 20px !important;}&#8220;]<\/p>\n<h3>Pr\u00e4analytik in der Tiermedizin \u2013 Kleine Fehler, gro\u00dfe Wirkung!<\/h3>\n<p>Die moderne Labordiagnostik ist aus der tier\u00e4rztlichen Praxis nicht mehr wegzudenken. Doch was viele untersch\u00e4tzen: Die Qualit\u00e4t der Laborergebnisse beginnt lange vor der Analyse \u2013 bei der Pr\u00e4analytik. Ob Probenentnahme, Lagerung oder Transport \u2013 jeder Schritt z\u00e4hlt!<\/p>\n<p>In der Brosch\u00fcre<span style=\"color: #ff0000;\"><strong> \u201eTipps &amp; Tricks in der Pr\u00e4analytik\u201c von LABOKLIN und SARSTEDT<\/strong> <\/span>erfahren Sie, wie Sie Fehler vermeiden und die Aussagekraft Ihrer Diagnostik maximieren. Mit anschaulichen Kapiteln, praktischen Merkk\u00e4sten und QR-Codes zu hilfreichen Tutorials ist sie ein Muss f\u00fcr alle, die mit tiermedizinischer Labordiagnostik arbeiten.<\/p>\n<p>Perfekt f\u00fcr Tier\u00e4rzt*innen, TFA und Studierende \u2013 jetzt reinschauen und Diagnostik auf das n\u00e4chste Level bringen![\/vc_column_text][\/vc_column][\/vc_row][vc_row type=&#8220;vc_default&#8220; css=&#8220;.vc_custom_1762943265427{margin-top: 30px !important;}&#8220;][vc_column width=&#8220;1\/3&#8243;][vc_column_text css=&#8220;&#8220;]<strong>Tipps &amp; Tricks in der Pr\u00e4analytik<\/strong><\/p>\n<h2>Band 1: <strong>Blutuntersuchungen bei Kleintieren<\/strong><\/h2>\n<div class=\"sdm_download_button_box_default\"><div class=\"sdm_download_link\"><a href=\"https:\/\/laboklin.de\/de-at\/\/?sdm_process_download=1&download_id=1573363\" class=\"sdm_download grey\" title=\"LABOKLIN und SARSTEDT_Blutuntersuchungen bei Kleintieren\" target=&quot;_blank&quot;>Download Now!<\/a><\/div><\/div>[\/vc_column_text][\/vc_column][vc_column width=&#8220;2\/3&#8243;][vc_column_text css=&#8220;&#8220;]\n<!-- ipages begin -->\n<div class=\"ipgs-flipbook ipgs-35\" data-json-src=\"https:\/\/laboklin.de\/wp-content\/uploads\/ipages_flipbook\/35\/config.json?ver=1762942893\"  data-item-id=\"35\" style=\"display:none;background-color:#ffffff;\">\n<\/div>\n<!-- ipages end -->\n[\/vc_column_text][\/vc_column][\/vc_row][vc_row type=&#8220;vc_default&#8220; css=&#8220;.vc_custom_1762943265427{margin-top: 30px !important;}&#8220;][vc_column width=&#8220;1\/3&#8243;][vc_column_text css=&#8220;&#8220;]<strong>Tipps &amp; Tricks in der Pr\u00e4analytik<\/strong><\/p>\n<h2>Band 2: <strong>Urinuntersuchungen bei Kleintieren<\/strong><\/h2>\n<div class=\"sdm_download_button_box_default\"><div class=\"sdm_download_link\"><a href=\"https:\/\/laboklin.de\/de-at\/\/?sdm_process_download=1&download_id=1573383\" class=\"sdm_download grey\" title=\"LABOKLIN und SARSTEDT_Urinuntersuchungen bei Kleintieren\" target=&quot;_blank&quot;>Download Now!<\/a><\/div><\/div>[\/vc_column_text][\/vc_column][vc_column width=&#8220;2\/3&#8243;][vc_column_text css=&#8220;&#8220;]\n<!-- ipages begin -->\n<div class=\"ipgs-flipbook ipgs-36\" data-json-src=\"https:\/\/laboklin.de\/wp-content\/uploads\/ipages_flipbook\/36\/config.json?ver=1762953279\"  data-item-id=\"36\" style=\"display:none;background-color:#ffffff;\">\n<\/div>\n<!-- ipages end -->\n[\/vc_column_text][\/vc_column][\/vc_row][vc_row type=&#8220;vc_default&#8220; css=&#8220;.vc_custom_1762943265427{margin-top: 30px !important;}&#8220;][vc_column width=&#8220;1\/3&#8243;][vc_column_text css=&#8220;&#8220;]<strong>Tipps &amp; Tricks in der Pr\u00e4analytik<\/strong><\/p>\n<h2>Band 3: <strong>Kotuntersuchungen bei Kleintieren<\/strong><\/h2>\n<div class=\"sdm_download_button_box_default\"><div class=\"sdm_download_link\"><a href=\"https:\/\/laboklin.de\/de-at\/\/?sdm_process_download=1&download_id=1588760\" class=\"sdm_download grey\" title=\"LABOKLIN und SARSTEDT_Kotuntersuchungen bei Kleintieren\" target=&quot;_blank&quot;>Download Now!<\/a><\/div><\/div>[\/vc_column_text][\/vc_column][vc_column width=&#8220;2\/3&#8243;][vc_column_text css=&#8220;&#8220;]\n<!-- ipages begin -->\n<div class=\"ipgs-flipbook ipgs-40\" data-json-src=\"https:\/\/laboklin.de\/wp-content\/uploads\/ipages_flipbook\/40\/config.json?ver=1770882089\"  data-item-id=\"40\" style=\"display:none;background-color:#ffffff;\">\n<\/div>\n<!-- ipages end -->\n[\/vc_column_text][\/vc_column][\/vc_row]<\/p>\n<\/div>","protected":false},"excerpt":{"rendered":"<p>[vc_row][vc_column][vc_column_text css=&#8220;&#8220;]Der erste Schritt im Untersuchungsprozess einer Probe ist die Pr\u00e4analytik. Die Pr\u00e4analytik beinhaltet alle Schritte von der Patientenvorbereitung \u00fcber die Probenentnahme und den Transport der Probe ins Labor, bis zur Vorbereitung der Probe zur Analyse.[\/vc_column_text][\/vc_column][\/vc_row][vc_row][vc_column][vc_column_text css=&#8220;.vc_custom_1762951308194{margin-top: 20px !important;}&#8220;] Pr\u00e4analytik in der Tiermedizin \u2013 Kleine Fehler, gro\u00dfe Wirkung! Die moderne Labordiagnostik ist aus der tier\u00e4rztlichen&hellip;<\/p>\n","protected":false},"author":1,"featured_media":0,"parent":1332639,"menu_order":11,"comment_status":"closed","ping_status":"closed","template":"","meta":{"_seopress_robots_primary_cat":"","_seopress_titles_title":"","_seopress_titles_desc":"Von der Patientenvorbereitung \u00fcber Probenentnahme und Transport bis zur Analyse. Qualit\u00e4t und Pr\u00e4zision in jedem Schritt.","_seopress_robots_index":"","footnotes":""},"class_list":["post-1332673","page","type-page","status-publish","hentry","description-off"],"_links":{"self":[{"href":"https:\/\/laboklin.de\/de-at\/wp-json\/wp\/v2\/pages\/1332673","targetHints":{"allow":["GET"]}}],"collection":[{"href":"https:\/\/laboklin.de\/de-at\/wp-json\/wp\/v2\/pages"}],"about":[{"href":"https:\/\/laboklin.de\/de-at\/wp-json\/wp\/v2\/types\/page"}],"author":[{"embeddable":true,"href":"https:\/\/laboklin.de\/de-at\/wp-json\/wp\/v2\/users\/1"}],"replies":[{"embeddable":true,"href":"https:\/\/laboklin.de\/de-at\/wp-json\/wp\/v2\/comments?post=1332673"}],"version-history":[{"count":5,"href":"https:\/\/laboklin.de\/de-at\/wp-json\/wp\/v2\/pages\/1332673\/revisions"}],"predecessor-version":[{"id":1588761,"href":"https:\/\/laboklin.de\/de-at\/wp-json\/wp\/v2\/pages\/1332673\/revisions\/1588761"}],"up":[{"embeddable":true,"href":"https:\/\/laboklin.de\/de-at\/wp-json\/wp\/v2\/pages\/1332639"}],"wp:attachment":[{"href":"https:\/\/laboklin.de\/de-at\/wp-json\/wp\/v2\/media?parent=1332673"}],"curies":[{"name":"wp","href":"https:\/\/api.w.org\/{rel}","templated":true}]}}