{"id":1332671,"date":"2020-10-16T11:36:27","date_gmt":"2020-10-16T09:36:27","guid":{"rendered":"https:\/\/laboklin.de\/leistungen\/abkuerzungen-hinweise-zu-den-testbeschreibungen\/"},"modified":"2025-06-13T09:56:52","modified_gmt":"2025-06-13T07:56:52","slug":"abkuerzungen-hinweise-zu-den-testbeschreibungen","status":"publish","type":"page","link":"https:\/\/laboklin.de\/de-at\/leistungen\/abkuerzungen-hinweise-zu-den-testbeschreibungen\/","title":{"rendered":"Abk\u00fcrzungen \/ Hinweise zu den Testbeschreibungen"},"content":{"rendered":"<div class=\"wpb-content-wrapper\"><p>[vc_row][vc_column width=&#8220;2\/3&#8243;][vc_column_text]<\/p>\n<h1 class=\"csc-firstHeader\">Abk\u00fcrzungen \/ Hinweise zu den Testbeschreibungen<\/h1>\n<p>[\/vc_column_text][\/vc_column][vc_column width=&#8220;1\/3&#8243;][vc_column_text css=&#8220;.vc_custom_1749801356589{margin-bottom: 10px !important;}&#8220;]<\/p>\n<p style=\"text-align: center;\"><a href=\"https:\/\/laboklin.de\/wp-content\/uploads\/2025\/06\/abkuerzungen_hinweise-zu-den-testbeschreibungen_de_062025.pdf\" target=\"_blank\" rel=\"noopener\"><strong>.PDF herunterladen<\/strong><\/a><\/p>\n<p>[\/vc_column_text][vc_icon icon_fontawesome=&#8220;fa fa-solid fa-file-pdf&#8220; color=&#8220;custom&#8220; background_style=&#8220;boxed-outline&#8220; background_color=&#8220;custom&#8220; size=&#8220;xl&#8220; align=&#8220;center&#8220; css=&#8220;&#8220; custom_color=&#8220;#e51e1e&#8220; custom_background_color=&#8220;#e51e1e&#8220; link=&#8220;url:https%3A%2F%2Flaboklin.de%2Fwp-content%2Fuploads%2F2025%2F06%2Fabkuerzungen_hinweise-zu-den-testbeschreibungen_de_062025.pdf|title:Abk%C3%BCrzungen%20%2F%20Hinweise%20zu%20den%20Testbeschreibungen|target:_blank&#8220;][\/vc_column][\/vc_row][vc_row][vc_column][vc_column_text css=&#8220;&#8220;]<\/p>\n<h2>Probenmaterialien \/ Sonstige Hinweise<\/h2>\n<p style=\"text-align: left;\">Nachfolgend finden Sie die Liste unserer Abk\u00fcrzungen. Diese Abk\u00fcrzungen werden auch auf den Untersuchungsantr\u00e4gen verwendet.<br \/>\nDie im Kompendium bei den einzelnen Tests angegebenen Probenmaterialien sind auf den Untersuchungsantr\u00e4gen<br \/>\n(aus Platzgr\u00fcnden) evtl. nicht (alle) aufgelistet.<\/p>\n<table width=\"808\">\n<tbody>\n<tr>\n<td width=\"172\"><strong>Materialabk\u00fcrzungen<\/strong><\/td>\n<td><\/td>\n<\/tr>\n<tr>\n<td width=\"172\"><strong>A<\/strong><\/td>\n<td>Abstrich ohne Medium (f\u00fcr PCR)<\/td>\n<\/tr>\n<tr>\n<td width=\"172\"><strong>AM<\/strong><\/td>\n<td>Abortmaterial<\/td>\n<\/tr>\n<tr>\n<td width=\"172\"><strong>AS<\/strong><\/td>\n<td>Ascites<\/td>\n<\/tr>\n<tr>\n<td width=\"172\"><strong>B<\/strong><\/td>\n<td>Bienen<\/td>\n<\/tr>\n<tr>\n<td width=\"172\"><strong>BAL<\/strong><\/td>\n<td>Bronchoalveol\u00e4re Lavage<\/td>\n<\/tr>\n<tr>\n<td width=\"172\"><strong>BL<\/strong><\/td>\n<td>Bienenlarven<\/td>\n<\/tr>\n<tr>\n<td width=\"172\"><strong>BS<\/strong><\/td>\n<td>Blutausstrich<\/td>\n<\/tr>\n<tr>\n<td width=\"172\"><strong>CB<\/strong><\/td>\n<td>Citrat-Blut<\/td>\n<\/tr>\n<tr>\n<td width=\"172\"><strong>CP<\/strong><\/td>\n<td>Citrat-Plasma<\/td>\n<\/tr>\n<tr>\n<td width=\"172\"><strong>EB<\/strong><\/td>\n<td>EDTA-Blut<\/td>\n<\/tr>\n<tr>\n<td width=\"172\"><strong>EP<\/strong><\/td>\n<td>EDTA-Plasma<\/td>\n<\/tr>\n<tr>\n<td width=\"172\"><strong>E<\/strong><\/td>\n<td>Eier<\/td>\n<\/tr>\n<tr>\n<td width=\"172\"><strong>F<\/strong><\/td>\n<td>Feder<\/td>\n<\/tr>\n<tr>\n<td width=\"172\"><strong>FA<\/strong><\/td>\n<td>Faeces<\/td>\n<\/tr>\n<tr>\n<td width=\"172\"><strong>FG<\/strong><\/td>\n<td>Fl\u00fcssigkeit<\/td>\n<\/tr>\n<tr>\n<td width=\"172\"><strong>FGW<\/strong><\/td>\n<td>Formalin-fixiertes Gewebe<\/td>\n<\/tr>\n<tr>\n<td width=\"172\"><strong>FL<\/strong><\/td>\n<td>Fl\u00f6he<\/td>\n<\/tr>\n<tr>\n<td width=\"172\"><strong>GW<\/strong><\/td>\n<td>Gewebe<\/td>\n<\/tr>\n<tr>\n<td width=\"172\"><strong>H<\/strong><\/td>\n<td>Harn<\/td>\n<\/tr>\n<tr>\n<td width=\"172\"><strong>HA<\/strong><\/td>\n<td>Haare<\/td>\n<\/tr>\n<tr>\n<td width=\"172\"><strong>HB<\/strong><\/td>\n<td>Heparin-Blut<\/td>\n<\/tr>\n<tr>\n<td width=\"172\"><strong>HP<\/strong><\/td>\n<td>Heparin-Plasma<\/td>\n<\/tr>\n<tr>\n<td width=\"172\"><strong>HS<\/strong><\/td>\n<td>Harnstein<\/td>\n<\/tr>\n<tr>\n<td width=\"172\"><strong>HSD<\/strong><\/td>\n<td>Harnsediment<\/td>\n<\/tr>\n<tr>\n<td width=\"172\"><strong>HT<\/strong><\/td>\n<td>Haut<\/td>\n<\/tr>\n<tr>\n<td width=\"172\"><strong>K<\/strong><\/td>\n<td>Kruste<\/td>\n<\/tr>\n<tr>\n<td width=\"172\"><strong>KM<\/strong><\/td>\n<td>Knochenmark<\/td>\n<\/tr>\n<tr>\n<td width=\"172\"><strong>KW<\/strong><\/td>\n<td>Kammerwasser<\/td>\n<\/tr>\n<tr>\n<td width=\"172\"><strong>L<\/strong><\/td>\n<td>Leber<\/td>\n<\/tr>\n<tr>\n<td width=\"172\"><strong>Ln\/LnA<\/strong><\/td>\n<td>Lymphknoten\/-aspirat<\/td>\n<\/tr>\n<tr>\n<td width=\"172\"><strong>LSP<\/strong><\/td>\n<td>Lungensp\u00fclprobe<\/td>\n<\/tr>\n<tr>\n<td width=\"172\"><strong>LO<\/strong><\/td>\n<td>Liquor<\/td>\n<\/tr>\n<tr>\n<td width=\"172\"><strong>LV<\/strong><\/td>\n<td>Lavage<\/td>\n<\/tr>\n<tr>\n<td width=\"172\"><strong>M<\/strong><\/td>\n<td>Milz<\/td>\n<\/tr>\n<tr>\n<td width=\"172\"><strong>MH<\/strong><\/td>\n<td>Morgenharn<\/td>\n<\/tr>\n<tr>\n<td width=\"172\"><strong>Mi<\/strong><\/td>\n<td>Milch<\/td>\n<\/tr>\n<tr>\n<td width=\"172\"><strong>MSP<\/strong><\/td>\n<td>Magensp\u00fclprobe<\/td>\n<\/tr>\n<tr>\n<td width=\"172\"><strong>N<\/strong><\/td>\n<td>Niere<\/td>\n<\/tr>\n<tr>\n<td width=\"172\"><strong>NaFB<\/strong><\/td>\n<td>Natrium-Fluorid-Blut<\/td>\n<\/tr>\n<tr>\n<td width=\"172\"><strong>NSP<\/strong><\/td>\n<td>Nasensp\u00fclprobe<\/td>\n<\/tr>\n<tr>\n<td width=\"172\"><strong>OT<\/strong><\/td>\n<td>Objekttr\u00e4ger<\/td>\n<\/tr>\n<tr>\n<td width=\"172\"><strong>PSP<\/strong><\/td>\n<td>Pr\u00e4putialsp\u00fclprobe<\/td>\n<\/tr>\n<tr>\n<td width=\"172\"><strong>S<\/strong><\/td>\n<td>Serum<\/td>\n<\/tr>\n<tr>\n<td width=\"172\"><strong>Sp<\/strong><\/td>\n<td>Sperma<\/td>\n<\/tr>\n<tr>\n<td width=\"172\"><strong>SV<\/strong><\/td>\n<td>Synovia<\/td>\n<\/tr>\n<tr>\n<td width=\"172\"><strong>TaM<\/strong><\/td>\n<td>Tankmilch<\/td>\n<\/tr>\n<tr>\n<td width=\"172\"><strong>TBS = TA<\/strong><\/td>\n<td>Tracheobronchialsekret<\/td>\n<\/tr>\n<tr>\n<td width=\"172\"><strong>TM<\/strong><\/td>\n<td>Tupfer im (mit) Medium<\/td>\n<\/tr>\n<tr>\n<td width=\"172\"><strong>TSP<\/strong><\/td>\n<td>Trachealsp\u00fclprobe<\/td>\n<\/tr>\n<tr>\n<td width=\"172\"><strong>V<\/strong><\/td>\n<td>Vomitus \/ Erbrochenes<\/td>\n<\/tr>\n<tr>\n<td width=\"172\"><strong>W<\/strong><\/td>\n<td>Wasser<\/td>\n<\/tr>\n<tr>\n<td width=\"172\"><strong>Z<\/strong><\/td>\n<td>Zecke<\/td>\n<\/tr>\n<\/tbody>\n<\/table>\n<p>[wptb id=1436207]<\/p>\n<p>&nbsp;<\/p>\n<div id=\"c3657\" class=\"csc-default\">\n<table class=\"contenttable contenttable-2 contenttable-border-1\">\n<tbody>\n<tr class=\"tr-even tr-0\">\n<td class=\"td-0\"><strong>,<\/strong> (Komma)<\/td>\n<td class=\"td-last td-1\">Angaben, die mit Komma verbunden sind: Unter diesen Materialien k\u00f6nnen Sie ausw\u00e4hlen, welches Sie einsenden m\u00f6chten.<\/td>\n<\/tr>\n<tr class=\"tr-odd tr-last\">\n<td class=\"td-0\"><strong>+<\/strong><\/td>\n<td class=\"td-last td-1\">Angaben, die mit \u201e+\u201c verbunden sind: In diesem Fall sind alle mit + verbundenen Materialien einzusenden.<\/td>\n<\/tr>\n<tr class=\"tr-odd tr-last\">\n<td class=\"td-0\"><strong>!<\/strong><\/td>\n<td class=\"td-last td-1\">F\u00fcr Proben, die zu k\u00fchlen sind, ist ein Ausrufezeichen hinter dem Namen der Leistung. Wenn nur ein Material aus mehreren einzusendenden Materialien K\u00fchlung ben\u00f6tigt, ist zus\u00e4tzlich ein \u201e!\u201c hinter der Abk\u00fcrzung des zu k\u00fchlenden Materials.<\/td>\n<\/tr>\n<tr class=\"tr-odd tr-last\">\n<td class=\"td-0\">(gefroren)<\/td>\n<td class=\"td-last td-1\">Wenn Gefrieren erforderlich ist, wird diese explizit angegeben.<\/td>\n<\/tr>\n<\/tbody>\n<\/table>\n<\/div>\n<p>&nbsp;<\/p>\n<div id=\"c3659\" class=\"csc-default\">\n<h2>Testmethoden<\/h2>\n<table class=\"contenttable contenttable-2 contenttable-border-1\">\n<tbody>\n<tr class=\"tr-even tr-0\">\n<td class=\"td-0\">AAS<\/td>\n<td class=\"td-last td-1\">Atomabsorptionsspektrometrie<\/td>\n<\/tr>\n<tr class=\"tr-odd tr-1\">\n<td class=\"td-0\">AGG\u00b0<\/td>\n<td class=\"td-last td-1\">Agglutination<\/td>\n<\/tr>\n<tr class=\"tr-even tr-2\">\n<td class=\"td-0\">BSR\u00b0<\/td>\n<td class=\"td-last td-1\">Blutk\u00f6rperchensenkungsreaktion<\/td>\n<\/tr>\n<tr class=\"tr-odd tr-3\">\n<td class=\"td-0\">BLT\u00b0<\/td>\n<td class=\"td-last td-1\">Immunoblot<\/td>\n<\/tr>\n<tr class=\"tr-even tr-4\">\n<td class=\"td-0\">CEDIA<\/td>\n<td class=\"td-last td-1\">Cloned Enzyme Donor Immuno Assay<\/td>\n<\/tr>\n<tr class=\"tr-odd tr-5\">\n<td class=\"td-0\">cELISA<\/td>\n<td class=\"td-last td-1\">competitiver ELISA<\/td>\n<\/tr>\n<tr class=\"tr-even tr-6\">\n<td class=\"td-0\">CLIA<\/td>\n<td class=\"td-last td-1\">Chemiluminiszenzassay<\/td>\n<\/tr>\n<tr class=\"tr-odd tr-7\">\n<td class=\"td-0\">DFZ\u00b0<\/td>\n<td class=\"td-last td-1\">Durchflusszytometrie<\/td>\n<\/tr>\n<tr class=\"tr-odd tr-7\">\n<td class=\"td-0\">ddPCR<\/td>\n<td class=\"td-last td-1\">Droplet Digital Polymerase Chain Reaction<\/td>\n<\/tr>\n<tr class=\"tr-even tr-8\">\n<td class=\"td-0\">EIA<\/td>\n<td class=\"td-last td-1\">entspricht ELISA<\/td>\n<\/tr>\n<tr class=\"tr-odd tr-9\">\n<td class=\"td-0\">ELISA<\/td>\n<td class=\"td-last td-1\">Enzyme Linked Immunosorbent Assay<\/td>\n<\/tr>\n<tr class=\"tr-even tr-10\">\n<td class=\"td-0\">ELP\u00b0<\/td>\n<td class=\"td-last td-1\">Elektrophorese<\/td>\n<\/tr>\n<tr class=\"tr-odd tr-11\">\n<td class=\"td-0\">FAVN<\/td>\n<td class=\"td-last td-1\">Fluorenscent Antibody Virus Neutralisation<\/td>\n<\/tr>\n<tr class=\"tr-odd tr-11\">\n<td class=\"td-0\">FLP<\/td>\n<td class=\"td-last td-1\">Fragmentl\u00e4ngenanalyse<\/td>\n<\/tr>\n<tr class=\"tr-even tr-12\">\n<td class=\"td-0\">FTIR<\/td>\n<td class=\"td-last td-1\">Fourier-Transformations-Infrarotspektrometer<\/td>\n<\/tr>\n<tr class=\"tr-odd tr-13\">\n<td class=\"td-0\">GCMS<\/td>\n<td class=\"td-last td-1\">Gaschromatograhie mit Massenspektrometrie-Kopplung<\/td>\n<\/tr>\n<tr class=\"tr-even tr-14\">\n<td class=\"td-0\">GMS\u00b0<\/td>\n<td class=\"td-last td-1\">Gaschromatograhie mit Massenspektrometrie-Kopplung<\/td>\n<\/tr>\n<tr class=\"tr-odd tr-15\">\n<td class=\"td-0\">HAH<\/td>\n<td class=\"td-last td-1\">H\u00e4magglutionationshemmtest<\/td>\n<\/tr>\n<tr class=\"tr-even tr-16\">\n<td class=\"td-0\">HLC\u00b0<\/td>\n<td class=\"td-last td-1\">High Performance Liquid Chromatography<\/td>\n<\/tr>\n<tr class=\"tr-odd tr-17\">\n<td class=\"td-0\">HPLC<\/td>\n<td class=\"td-last td-1\">High Performance Liquid Chromatography<\/td>\n<\/tr>\n<tr class=\"tr-even tr-18\">\n<td class=\"td-0\">ICA<\/td>\n<td class=\"td-last td-1\">Immunchromatographischer Assay<\/td>\n<\/tr>\n<tr class=\"tr-odd tr-19\">\n<td class=\"td-0\">ICP-MS<\/td>\n<td class=\"td-last td-1\">Massenspektrometrie mit induktiv gekoppeltem Plasma<\/td>\n<\/tr>\n<tr class=\"tr-even tr-20\">\n<td class=\"td-0\">IFAT<\/td>\n<td class=\"td-last td-1\">indirekter Fluoreszenz-Antik\u00f6rpertest<\/td>\n<\/tr>\n<tr class=\"tr-odd tr-21\">\n<td class=\"td-0\">IFT\u00b0<\/td>\n<td class=\"td-last td-1\">Immunfluoreszenz, indirekter Fluoreszenz-Antik\u00f6rpertest<\/td>\n<\/tr>\n<tr class=\"tr-even tr-22\">\n<td class=\"td-0\">IMD\u00b0<\/td>\n<td class=\"td-last td-1\">Immunodiffusion<\/td>\n<\/tr>\n<tr class=\"tr-odd tr-23\">\n<td class=\"td-0\">ISE<\/td>\n<td class=\"td-last td-1\">Ionenselektive Elektrode<\/td>\n<\/tr>\n<tr class=\"tr-even tr-24\">\n<td class=\"td-0\">IRS<\/td>\n<td class=\"td-last td-1\">Infrarotspektroskopie<\/td>\n<\/tr>\n<tr class=\"tr-odd tr-25\">\n<td class=\"td-0\">KBR<\/td>\n<td class=\"td-last td-1\">Komplementbindungsreaktion<\/td>\n<\/tr>\n<tr class=\"tr-even tr-26\">\n<td class=\"td-0\">KOA\u00b0<\/td>\n<td class=\"td-last td-1\">Koagulometrie<\/td>\n<\/tr>\n<tr class=\"tr-odd tr-27\">\n<td class=\"td-0\">LA<\/td>\n<td class=\"td-last td-1\">Langsamagglutination<\/td>\n<\/tr>\n<tr class=\"tr-even tr-28\">\n<td class=\"td-0\">LCMS<\/td>\n<td class=\"td-last td-1\">Fl\u00fcssigchromatographie mit Massenspektrometrie-Kopplung<\/td>\n<\/tr>\n<tr class=\"tr-odd tr-29\">\n<td class=\"td-0\">LIA\u00b0<\/td>\n<td class=\"td-last td-1\">Chemiluminiszenzassay<\/td>\n<\/tr>\n<tr class=\"tr-even tr-30\">\n<td class=\"td-0\">LMS\u00b0<\/td>\n<td class=\"td-last td-1\">Fl\u00fcssigchromatographie mit Massenspektrometrie-Kopplung<\/td>\n<\/tr>\n<tr class=\"tr-odd tr-31\">\n<td class=\"td-0\">MALDI-TOF<\/td>\n<td class=\"td-last td-1\">Matrix-unterst\u00fctzte Laser-Desorption\/Ionisation (MALDI) gekoppelt Massenspektrometrie mit Flugzeitanalysator (time of flight, TOF)<\/td>\n<\/tr>\n<tr class=\"tr-even tr-32\">\n<td class=\"td-0\">MAT<\/td>\n<td class=\"td-last td-1\">Mikroagglutinationstest<\/td>\n<\/tr>\n<tr class=\"tr-odd tr-33\">\n<td class=\"td-0\">MIK\u00b0<\/td>\n<td class=\"td-last td-1\">Mikroskopie<\/td>\n<\/tr>\n<tr class=\"tr-even tr-34\">\n<td class=\"td-0\">NIRS<\/td>\n<td class=\"td-last td-1\">Nahinfrarotspektroskopie<\/td>\n<\/tr>\n<tr class=\"tr-odd tr-35\">\n<td class=\"td-0\">PARR<\/td>\n<td class=\"td-last td-1\">Polymerase Chain Reaction for Antigen Receptor Rearrangements<\/td>\n<\/tr>\n<tr class=\"tr-even tr-36\">\n<td class=\"td-0\">PCR<\/td>\n<td class=\"td-last td-1\">Polymerase Chain Reaction \/ Polymerase-Kettenreaktion<\/td>\n<\/tr>\n<tr class=\"tr-odd tr-37\">\n<td class=\"td-0\">PHO\u00b0<\/td>\n<td class=\"td-last td-1\">Photometrie (inkl. Turbidimetrie)<\/td>\n<\/tr>\n<tr class=\"tr-even tr-38\">\n<td class=\"td-0\">POT\u00b0<\/td>\n<td class=\"td-last td-1\">Potentiometrie<\/td>\n<\/tr>\n<tr class=\"tr-even tr-38\">\n<td class=\"td-0\">RBT<\/td>\n<td class=\"td-last td-1\">Rose-Bengal-Test<\/td>\n<\/tr>\n<tr class=\"tr-odd tr-39\">\n<td class=\"td-0\">REF\u00b0<\/td>\n<td class=\"td-last td-1\">Refraktrometerie<\/td>\n<\/tr>\n<tr class=\"tr-even tr-40\">\n<td class=\"td-0\">RIA<\/td>\n<td class=\"td-last td-1\">Radioimmunoassay<\/td>\n<\/tr>\n<tr class=\"tr-odd tr-41\">\n<td class=\"td-0\">RIV\u00b0<\/td>\n<td class=\"td-last td-1\">Rivalta-Test<\/td>\n<\/tr>\n<tr class=\"tr-even tr-42\">\n<td class=\"td-0\">RSAT<\/td>\n<td class=\"td-last td-1\">Rapid Slide Agglutination Test<\/td>\n<\/tr>\n<tr class=\"tr-odd tr-43\">\n<td class=\"td-0\">SAFC<\/td>\n<td class=\"td-last td-1\">Sodium acetate-Acetid acid-Formalin Concentration<\/td>\n<\/tr>\n<tr class=\"tr-even tr-44\">\n<td class=\"td-0\">TEG\u00b0<\/td>\n<td class=\"td-last td-1\">Thrombelastographie<\/td>\n<\/tr>\n<tr class=\"tr-odd tr-45\">\n<td class=\"td-0\">TIT\u00b0<\/td>\n<td class=\"td-last td-1\">Titration<\/td>\n<\/tr>\n<tr class=\"tr-even tr-last\">\n<td class=\"td-0\">VNT<\/td>\n<td class=\"td-last td-1\">Virusneutralisationstest<\/td>\n<\/tr>\n<\/tbody>\n<\/table>\n<\/div>\n<p>&nbsp;<\/p>\n<div id=\"c6826\" class=\"csc-default\">\n<p class=\"bodytext\">\u00b0 nur in den Befunden verwendete Abk\u00fcrzung<\/p>\n<p>&nbsp;<\/p>\n<\/div>\n<div class=\"hr-thin\"><\/div>\n<div id=\"c3661\" class=\"csc-default\">\n<h2>Sonstige Abk\u00fcrzungen<\/h2>\n<table class=\"contenttable contenttable-2 contenttable-border-1\">\n<tbody>\n<tr class=\"tr-even tr-0\">\n<td class=\"td-0\">AK<\/td>\n<td class=\"td-last td-1\">Antik\u00f6rper<\/td>\n<\/tr>\n<tr class=\"tr-even tr-0\">\n<td class=\"td-0\">AG<\/td>\n<td class=\"td-last td-1\">Antigen<\/td>\n<\/tr>\n<tr class=\"tr-odd tr-1\">\n<td class=\"td-0\">UpM<\/td>\n<td class=\"td-last td-1\">Umdrehung pro Minute<\/td>\n<\/tr>\n<tr class=\"tr-even tr-last\">\n<td class=\"td-0\">*<\/td>\n<td class=\"td-last td-1\">Partnerlabor<\/td>\n<\/tr>\n<\/tbody>\n<\/table>\n<p>&nbsp;<\/p>\n<\/div>\n<div id=\"c3663\" class=\"csc-default\">\n<h2>Dauer<\/h2>\n<table class=\"contenttable contenttable-2 contenttable-border-1\">\n<tbody>\n<tr class=\"tr-even tr-0\">\n<td class=\"td-0\"><strong>Dauer<\/strong><\/td>\n<td class=\"td-last td-1\">Die angegebenen Regeluntersuchungszeiten gelten ab Eintreffen bei Laboklin. \u201eTage\u201c bedeutet \u201eArbeitstage\u201c. Bei Tests, die in einem Partnerlabor durchgef\u00fchrt werden, kann sich die Untersuchungsdauer durch Verz\u00f6gerungen beim Transport verl\u00e4ngern. Die angegebene Testdauer ist ohne Gew\u00e4hr.<\/td>\n<\/tr>\n<\/tbody>\n<\/table>\n<\/div>\n<div id=\"c3665\" class=\"csc-default\">\n<h2>Tierarten<\/h2>\n<table class=\"contenttable contenttable-2 contenttable-border-1\">\n<tbody>\n<tr class=\"tr-even tr-0\">\n<td class=\"td-0\"><strong>Gro\u00dftiere<\/strong><\/td>\n<td class=\"td-last td-1\">Pferde und Nutztiere<\/td>\n<\/tr>\n<tr class=\"tr-odd tr-1\">\n<td class=\"td-0\"><strong>Kleins\u00e4uger<\/strong><\/td>\n<td class=\"td-last td-1\">Kaninchen, Meerschweinchen, Ratte, Maus, Hamster, Frettchen, Chinchilla und andere kleine S\u00e4ugetiere, die als Haustiere gehalten werden. Tests f\u00fcr Kleins\u00e4uger k\u00f6nnen in Einzelf\u00e4llen auch f\u00fcr kleine Wilds\u00e4ugetiere (z.B. Igel) anwendbar sein.<\/td>\n<\/tr>\n<tr class=\"tr-even tr-2\">\n<td class=\"td-0\"><strong>Kleintiere<\/strong><\/td>\n<td class=\"td-last td-1\">Hunde und Katzen<\/td>\n<\/tr>\n<tr class=\"tr-odd tr-3\">\n<td class=\"td-0\"><strong>Neuweltkamele<\/strong><\/td>\n<td class=\"td-last td-1\">Lama, Alpaka; sind als Polygastrier ggf. in der Rubrik Wiederk\u00e4uer eingeordnet<\/td>\n<\/tr>\n<tr class=\"tr-even tr-last\">\n<td class=\"td-0\"><strong>Nutztiere<\/strong><\/td>\n<td class=\"td-last td-1\">Wiederk\u00e4uer und Schweine<\/td>\n<\/tr>\n<\/tbody>\n<\/table>\n<\/div>\n<p>&nbsp;<\/p>\n<div id=\"c3667\" class=\"csc-default\">\n<h2>Weitere Hinweise<\/h2>\n<table class=\"contenttable contenttable-2 contenttable-border-1\">\n<tbody>\n<tr class=\"tr-even tr-0\">\n<td class=\"td-0\"><strong>Anzeigepflicht bezieht sich auf Deutschland<\/strong><\/td>\n<\/tr>\n<tr class=\"tr-odd tr-last\">\n<td class=\"td-0\"><strong>Meldepflicht bezieht sich auf Deutschland<\/strong><\/td>\n<\/tr>\n<\/tbody>\n<\/table>\n<\/div>\n<p>[\/vc_column_text][\/vc_column][\/vc_row]<\/p>\n<\/div>","protected":false},"excerpt":{"rendered":"<p>[vc_row][vc_column width=&#8220;2\/3&#8243;][vc_column_text] Abk\u00fcrzungen \/ Hinweise zu den Testbeschreibungen [\/vc_column_text][\/vc_column][vc_column width=&#8220;1\/3&#8243;][vc_column_text css=&#8220;.vc_custom_1749801356589{margin-bottom: 10px !important;}&#8220;] .PDF herunterladen [\/vc_column_text][vc_icon icon_fontawesome=&#8220;fa fa-solid fa-file-pdf&#8220; color=&#8220;custom&#8220; background_style=&#8220;boxed-outline&#8220; background_color=&#8220;custom&#8220; size=&#8220;xl&#8220; align=&#8220;center&#8220; css=&#8220;&#8220; custom_color=&#8220;#e51e1e&#8220; custom_background_color=&#8220;#e51e1e&#8220; link=&#8220;url:https%3A%2F%2Flaboklin.de%2Fwp-content%2Fuploads%2F2025%2F06%2Fabkuerzungen_hinweise-zu-den-testbeschreibungen_de_062025.pdf|title:Abk%C3%BCrzungen%20%2F%20Hinweise%20zu%20den%20Testbeschreibungen|target:_blank&#8220;][\/vc_column][\/vc_row][vc_row][vc_column][vc_column_text css=&#8220;&#8220;] Probenmaterialien \/ Sonstige Hinweise Nachfolgend finden Sie die Liste unserer Abk\u00fcrzungen. Diese Abk\u00fcrzungen werden auch auf den Untersuchungsantr\u00e4gen verwendet. Die im Kompendium bei den einzelnen Tests&hellip;<\/p>\n","protected":false},"author":1,"featured_media":0,"parent":1332645,"menu_order":10,"comment_status":"closed","ping_status":"closed","template":"","meta":{"_seopress_robots_primary_cat":"","_seopress_titles_title":"","_seopress_titles_desc":"","_seopress_robots_index":"","footnotes":""},"class_list":["post-1332671","page","type-page","status-publish","hentry","description-off"],"_links":{"self":[{"href":"https:\/\/laboklin.de\/de-at\/wp-json\/wp\/v2\/pages\/1332671","targetHints":{"allow":["GET"]}}],"collection":[{"href":"https:\/\/laboklin.de\/de-at\/wp-json\/wp\/v2\/pages"}],"about":[{"href":"https:\/\/laboklin.de\/de-at\/wp-json\/wp\/v2\/types\/page"}],"author":[{"embeddable":true,"href":"https:\/\/laboklin.de\/de-at\/wp-json\/wp\/v2\/users\/1"}],"replies":[{"embeddable":true,"href":"https:\/\/laboklin.de\/de-at\/wp-json\/wp\/v2\/comments?post=1332671"}],"version-history":[{"count":16,"href":"https:\/\/laboklin.de\/de-at\/wp-json\/wp\/v2\/pages\/1332671\/revisions"}],"predecessor-version":[{"id":1530005,"href":"https:\/\/laboklin.de\/de-at\/wp-json\/wp\/v2\/pages\/1332671\/revisions\/1530005"}],"up":[{"embeddable":true,"href":"https:\/\/laboklin.de\/de-at\/wp-json\/wp\/v2\/pages\/1332645"}],"wp:attachment":[{"href":"https:\/\/laboklin.de\/de-at\/wp-json\/wp\/v2\/media?parent=1332671"}],"curies":[{"name":"wp","href":"https:\/\/api.w.org\/{rel}","templated":true}]}}