{"id":1332670,"date":"2021-01-29T16:46:49","date_gmt":"2021-01-29T15:46:49","guid":{"rendered":"https:\/\/laboklin.de\/leistungen\/wasseruntersuchungen\/"},"modified":"2021-01-29T16:46:49","modified_gmt":"2021-01-29T15:46:49","slug":"wasseruntersuchungen","status":"publish","type":"page","link":"https:\/\/laboklin.de\/de-at\/leistungen\/wasseruntersuchungen\/","title":{"rendered":"Wasseruntersuchungen"},"content":{"rendered":"<div class=\"wpb-content-wrapper\"><p>[vc_row][vc_column][vc_column_text]Zur Untersuchung von Tr\u00e4nkwasser bieten wir physikochemische, chemische und mikrobiologische Parameter an, die je nach Bedarf unterschiedlich zusammengestellt sind. Zur Erlangung des Siegels der Initiative Tierwohl ist beispielsweise die regelm\u00e4\u00dfige Untersuchung des Tr\u00e4nkwassers vorgeschrieben. Speziell bei Weidehaltung oder der Verwendung von Brunnenwasser kann eine vorsorgende Untersuchung des Tr\u00e4nkwassers in Betracht gezogen werden.<\/p>\n<p>Der Einfluss des Aquarien- oder Teichwassers auf die Fischgesundheit kann gravierend sein. Wir bieten Ihnen verschiedene Profile zur \u00dcberpr\u00fcfung der Wasserqualit\u00e4t an.<\/p>\n<p>Au\u00dferdem bieten wir f\u00fcr die Tierarztpraxis die Untersuchung von Trinkwasser gem\u00e4\u00df Trinkwasserverordnung an \u2013 mikrobiologisch oder auf Legionellen. Beachten Sie hier bitte unbedingt die <strong>besonderen Hinweise bez\u00fcglich der Probenentnahme<\/strong>.[\/vc_column_text][\/vc_column][\/vc_row][vc_row type=&#8220;vc_default&#8220; disable_element=&#8220;yes&#8220;][vc_column][vc_column_text css=&#8220;.vc_custom_1603378797735{margin-left: 20px !important;padding-top: 30px !important;padding-right: 30px !important;padding-bottom: 30px !important;padding-left: 30px !important;}&#8220;]<div class=\"vc_tta-panels-container\"><div class=\"vc_tta-panels\"><li class=\"menu-item sub-page\"><a href=\"https:\/\/laboklin.de\/de-at\/leistungen\/wasseruntersuchungen\/trinkwasser\/\">Trinkwasser<\/a><\/li><li class=\"menu-item sub-page\"><a href=\"https:\/\/laboklin.de\/de-at\/leistungen\/wasseruntersuchungen\/traenkwasser\/\">Tr\u00e4nkwasser<\/a><\/li><li class=\"menu-item sub-page\"><a href=\"https:\/\/laboklin.de\/de-at\/leistungen\/profile\/profile-screenings-kleinsaeuger-voegel-reptilien-fische\/wasserprofile-fische\/\">Aquarien-\/Teichwasser<\/a><\/li><\/div><\/div>[\/vc_column_text][\/vc_column][\/vc_row]<\/p>\n<\/div>","protected":false},"excerpt":{"rendered":"<p>[vc_row][vc_column][vc_column_text]Zur Untersuchung von Tr\u00e4nkwasser bieten wir physikochemische, chemische und mikrobiologische Parameter an, die je nach Bedarf unterschiedlich zusammengestellt sind. Zur Erlangung des Siegels der Initiative Tierwohl ist beispielsweise die regelm\u00e4\u00dfige Untersuchung des Tr\u00e4nkwassers vorgeschrieben. Speziell bei Weidehaltung oder der Verwendung von Brunnenwasser kann eine vorsorgende Untersuchung des Tr\u00e4nkwassers in Betracht gezogen werden. Der Einfluss des&hellip;<\/p>\n","protected":false},"author":1,"featured_media":0,"parent":1332645,"menu_order":9,"comment_status":"closed","ping_status":"closed","template":"","meta":{"_seopress_robots_primary_cat":"","_seopress_titles_title":"","_seopress_titles_desc":"","_seopress_robots_index":"","footnotes":""},"class_list":["post-1332670","page","type-page","status-publish","hentry","description-off"],"_links":{"self":[{"href":"https:\/\/laboklin.de\/de-at\/wp-json\/wp\/v2\/pages\/1332670","targetHints":{"allow":["GET"]}}],"collection":[{"href":"https:\/\/laboklin.de\/de-at\/wp-json\/wp\/v2\/pages"}],"about":[{"href":"https:\/\/laboklin.de\/de-at\/wp-json\/wp\/v2\/types\/page"}],"author":[{"embeddable":true,"href":"https:\/\/laboklin.de\/de-at\/wp-json\/wp\/v2\/users\/1"}],"replies":[{"embeddable":true,"href":"https:\/\/laboklin.de\/de-at\/wp-json\/wp\/v2\/comments?post=1332670"}],"version-history":[{"count":0,"href":"https:\/\/laboklin.de\/de-at\/wp-json\/wp\/v2\/pages\/1332670\/revisions"}],"up":[{"embeddable":true,"href":"https:\/\/laboklin.de\/de-at\/wp-json\/wp\/v2\/pages\/1332645"}],"wp:attachment":[{"href":"https:\/\/laboklin.de\/de-at\/wp-json\/wp\/v2\/media?parent=1332670"}],"curies":[{"name":"wp","href":"https:\/\/api.w.org\/{rel}","templated":true}]}}