{"id":1332663,"date":"2020-10-16T11:36:27","date_gmt":"2020-10-16T09:36:27","guid":{"rendered":"https:\/\/laboklin.de\/leistungen\/genetik\/"},"modified":"2023-02-21T08:51:49","modified_gmt":"2023-02-21T07:51:49","slug":"genetik","status":"publish","type":"page","link":"https:\/\/laboklin.de\/de-at\/leistungen\/genetik\/","title":{"rendered":"Genetik"},"content":{"rendered":"<div class=\"wpb-content-wrapper\"><p>[vc_row][vc_column][vc_column_text]Mit Hilfe molekulargenetischer Techniken kann in vielen F\u00e4llen der Nachweis genetischer Varianten erbracht werden, die mit Erbkrankheiten korreliert sind \u2013 hier ist sowohl die Identifizierung homozygot Betroffener als auch die von Tr\u00e4gern eines Merkmals m\u00f6glich. Laboklin verf\u00fcgt \u00fcber eine Vielzahl an Tests f\u00fcr unterschiedliche Rassen der verschiedenen Tierarten, teils sogar selbst entwickelt, teils patentiert. Diese haben wir f\u00fcr Sie auf dieser Seite nach Tierarten getrennt, alphabetisch sortiert und mit ausf\u00fchrlichen Erkl\u00e4rungen zur jeweiligen Erkrankung versehen.<\/p>\n<p>Zahlreiche ph\u00e4notypische Merkmale k\u00f6nnen ebenfalls genetisch identifiziert werden, dies ist im Rahmen der Zucht von Interesse. Hierzu geh\u00f6ren zum Beispiel Fellfarben und Scheckungen ebenso wie Haarl\u00e4nge. Auch diese Tests finden sich alphabetisch aufgelistet.<\/p>\n<p>Unsere weiteren Arbeitsfelder im Bereich der Genetik sind die Identit\u00e4ts- und Abstammungsbegutachtung bei Hund, Katze und Pferd, die Rassezuordnung bei Hund und Katze, die Geschlechtsbestimmung beim Vogel und die molekularbiologische Tierartendifferenzierung bei einigen Haus- und Wildtierarten f\u00fcr unterschiedlichste Fragestellungen. Die Untersuchung auf bestimmte Leistungsmerkmale beim Pferd und Wiederk\u00e4uer komplettieren das Portfolio.<\/p>\n<p><b>Informationen zur Probenentnahme finden Sie im Bereich <a href=\"\/de-at\/fachinformationen\/praeanalytik\/\">Pr\u00e4analytik<\/a> und unter den <a href=\"\/de-at\/fachinformationen\/faq-allgemeine-fragen\/\">FAQs.<\/a><\/b>[\/vc_column_text][\/vc_column][\/vc_row][vc_row type=&#8220;vc_default&#8220; disable_element=&#8220;yes&#8220;][vc_column][vc_column_text css=&#8220;.vc_custom_1603378797735{margin-left: 20px !important;padding-top: 30px !important;padding-right: 30px !important;padding-bottom: 30px !important;padding-left: 30px !important;}&#8220;]<div class=\"vc_tta-panels-container\"><div class=\"vc_tta-panels\"><li class=\"menu-item sub-page\"><a href=\"https:\/\/laboklin.de\/de-at\/leistungen\/genetik\/erbkrankheiten\/\">Erbkrankheiten<\/a><\/li><li class=\"menu-item sub-page\"><a href=\"https:\/\/laboklin.de\/de-at\/leistungen\/genetik\/genetikpakete\/\">Genetikpakete<\/a><\/li><li class=\"menu-item sub-page\"><a href=\"https:\/\/laboklin.de\/de-at\/leistungen\/genetik\/performance\/\">Performance<\/a><\/li><li class=\"menu-item sub-page\"><a href=\"https:\/\/laboklin.de\/de-at\/leistungen\/genetik\/fellfarbe-haarstruktur\/\">Fellfarbe \/ Haarstruktur<\/a><\/li><li class=\"menu-item sub-page\"><a href=\"https:\/\/laboklin.de\/de-at\/leistungen\/genetik\/identitaet-abstammung\/\">Identit\u00e4t \/ Abstammung<\/a><\/li><li class=\"menu-item sub-page\"><a href=\"https:\/\/laboklin.de\/de-at\/leistungen\/genetik\/rassezuordnung\/\">Rassezuordnung<\/a><\/li><li class=\"menu-item sub-page\"><a href=\"https:\/\/laboklin.de\/de-at\/leistungen\/genetik\/erbgaenge\/\">Erbg\u00e4nge<\/a><\/li><li class=\"menu-item sub-page\"><a href=\"https:\/\/laboklin.de\/de-at\/leistungen\/genetik\/molekularbiologische-tierartendifferenzierung\/\">Molekularbiologische Tierartendifferenzierung<\/a><\/li><li class=\"menu-item sub-page\"><a href=\"https:\/\/laboklin.de\/de-at\/leistungen\/genetik\/geschlechtsbestimmung\/\">Geschlechtsbestimmung<\/a><\/li><\/div><\/div>[\/vc_column_text][\/vc_column][\/vc_row][vc_row type=&#8220;vc_default&#8220; disable_element=&#8220;yes&#8220; css=&#8220;.vc_custom_1674057581652{margin-top: 30px !important;}&#8220;][vc_column]<div class=\"dt-fancy-separator title-left h3-size accent-title-color\" style=\"width: 100%;\"><div class=\"dt-fancy-title\"><span class=\"separator-holder separator-left\"><\/span>Molekularbiologie - Ansprechpartner<span class=\"separator-holder separator-right\"><\/span><\/div><\/div>[\/vc_column][\/vc_row][vc_row type=&#8220;vc_default&#8220; disable_element=&#8220;yes&#8220;][vc_column][vc_column_text css=&#8220;.vc_custom_1615303803557{margin-top: 30px !important;}&#8220;]<div id=\"awsm-team-1307406\" class=\"awsm-grid-wrapper\">\n\t<\/div>\n[\/vc_column_text][\/vc_column][\/vc_row]<\/p>\n<\/div>","protected":false},"excerpt":{"rendered":"<p>[vc_row][vc_column][vc_column_text]Mit Hilfe molekulargenetischer Techniken kann in vielen F\u00e4llen der Nachweis genetischer Varianten erbracht werden, die mit Erbkrankheiten korreliert sind \u2013 hier ist sowohl die Identifizierung homozygot Betroffener als auch die von Tr\u00e4gern eines Merkmals m\u00f6glich. Laboklin verf\u00fcgt \u00fcber eine Vielzahl an Tests f\u00fcr unterschiedliche Rassen der verschiedenen Tierarten, teils sogar selbst entwickelt, teils patentiert. Diese&hellip;<\/p>\n","protected":false},"author":1,"featured_media":0,"parent":1332645,"menu_order":7,"comment_status":"closed","ping_status":"closed","template":"","meta":{"_seopress_robots_primary_cat":"","_seopress_titles_title":"","_seopress_titles_desc":"","_seopress_robots_index":"","footnotes":""},"class_list":["post-1332663","page","type-page","status-publish","hentry","description-off"],"_links":{"self":[{"href":"https:\/\/laboklin.de\/de-at\/wp-json\/wp\/v2\/pages\/1332663","targetHints":{"allow":["GET"]}}],"collection":[{"href":"https:\/\/laboklin.de\/de-at\/wp-json\/wp\/v2\/pages"}],"about":[{"href":"https:\/\/laboklin.de\/de-at\/wp-json\/wp\/v2\/types\/page"}],"author":[{"embeddable":true,"href":"https:\/\/laboklin.de\/de-at\/wp-json\/wp\/v2\/users\/1"}],"replies":[{"embeddable":true,"href":"https:\/\/laboklin.de\/de-at\/wp-json\/wp\/v2\/comments?post=1332663"}],"version-history":[{"count":3,"href":"https:\/\/laboklin.de\/de-at\/wp-json\/wp\/v2\/pages\/1332663\/revisions"}],"predecessor-version":[{"id":1338221,"href":"https:\/\/laboklin.de\/de-at\/wp-json\/wp\/v2\/pages\/1332663\/revisions\/1338221"}],"up":[{"embeddable":true,"href":"https:\/\/laboklin.de\/de-at\/wp-json\/wp\/v2\/pages\/1332645"}],"wp:attachment":[{"href":"https:\/\/laboklin.de\/de-at\/wp-json\/wp\/v2\/media?parent=1332663"}],"curies":[{"name":"wp","href":"https:\/\/api.w.org\/{rel}","templated":true}]}}