{"id":1332658,"date":"2020-10-16T11:36:27","date_gmt":"2020-10-16T09:36:27","guid":{"rendered":"https:\/\/laboklin.de\/leistungen\/infektionskrankheiten-erreger-und-antikoerpernachweise\/"},"modified":"2023-02-21T08:31:52","modified_gmt":"2023-02-21T07:31:52","slug":"infektionskrankheiten-erreger-und-antikoerpernachweise","status":"publish","type":"page","link":"https:\/\/laboklin.de\/de-at\/leistungen\/infektionskrankheiten-erreger-und-antikoerpernachweise\/","title":{"rendered":"Infektionskrankheiten: Erreger- und Antik\u00f6rpernachweise"},"content":{"rendered":"<div class=\"wpb-content-wrapper\"><p>[vc_row type=&#8220;vc_default&#8220; content_placement=&#8220;top&#8220;][vc_column][vc_column_text]F\u00fcr die hier zusammengefassten Infektionserreger unserer Haus- und Nutztiere k\u00f6nnen wir einen Antik\u00f6rper- oder Erregernachweis f\u00fchren. Entsprechend der biologischen Systematik haben wir die Erreger nach Viren, Bakterien, Pilzen und Parasiten getrennt und jeweils alphabetisch sortiert. Sie finden als Tier\u00e4rztin oder Tierarzt viele Informationen rund um die ausgel\u00f6ste Erkrankung, Besonderheiten des Nachweises oder die Interpretation der Befundergebnisse.<\/p>\n<p>Das Untersuchungsspektrum wird komplettiert \u00fcber die symptomorientierte Zusammenstellung von PCR-Profilen.<\/p>\n<p><strong>Informationen zur Probennahme finden Sie unter Fachinformationen &#8211;\u00a0<a href=\"\/de-at\/fachinformationen\/praeanalytik\/\">Pr\u00e4analytik<\/a> und bei den <a href=\"\/de-at\/fachinformationen\/faq-allgemeine-fragen\/\">FAQs.<\/a><\/strong>[\/vc_column_text][\/vc_column][\/vc_row][vc_row type=&#8220;vc_default&#8220; disable_element=&#8220;yes&#8220;][vc_column][vc_column_text css=&#8220;.vc_custom_1603370129252{margin-left: 20px !important;padding-top: 30px !important;padding-right: 30px !important;padding-bottom: 30px !important;padding-left: 30px !important;}&#8220;]<div class=\"vc_tta-panels-container\"><div class=\"vc_tta-panels\"><li class=\"menu-item sub-page\"><a href=\"https:\/\/laboklin.de\/de-at\/leistungen\/infektionskrankheiten-erreger-und-antikoerpernachweise\/viren\/\">Viren<\/a><\/li><li class=\"menu-item sub-page\"><a href=\"https:\/\/laboklin.de\/de-at\/leistungen\/infektionskrankheiten-erreger-und-antikoerpernachweise\/bakterien\/\">Bakterien<\/a><\/li><li class=\"menu-item sub-page\"><a href=\"https:\/\/laboklin.de\/de-at\/leistungen\/infektionskrankheiten-erreger-und-antikoerpernachweise\/pilze\/\">Pilze<\/a><\/li><li class=\"menu-item sub-page\"><a href=\"https:\/\/laboklin.de\/de-at\/leistungen\/infektionskrankheiten-erreger-und-antikoerpernachweise\/parasiten\/\">Parasiten<\/a><\/li><\/div><\/div>[\/vc_column_text][\/vc_column][\/vc_row]<\/p>\n<\/div>","protected":false},"excerpt":{"rendered":"<p>[vc_row type=&#8220;vc_default&#8220; content_placement=&#8220;top&#8220;][vc_column][vc_column_text]F\u00fcr die hier zusammengefassten Infektionserreger unserer Haus- und Nutztiere k\u00f6nnen wir einen Antik\u00f6rper- oder Erregernachweis f\u00fchren. Entsprechend der biologischen Systematik haben wir die Erreger nach Viren, Bakterien, Pilzen und Parasiten getrennt und jeweils alphabetisch sortiert. Sie finden als Tier\u00e4rztin oder Tierarzt viele Informationen rund um die ausgel\u00f6ste Erkrankung, Besonderheiten des Nachweises oder die&hellip;<\/p>\n","protected":false},"author":1,"featured_media":0,"parent":1332645,"menu_order":4,"comment_status":"closed","ping_status":"closed","template":"","meta":{"_seopress_robots_primary_cat":"","_seopress_titles_title":"Infektionskrankheiten: Erreger- und Antik\u00f6rpernachweise","_seopress_titles_desc":"","_seopress_robots_index":"","footnotes":""},"class_list":["post-1332658","page","type-page","status-publish","hentry","description-off"],"_links":{"self":[{"href":"https:\/\/laboklin.de\/de-at\/wp-json\/wp\/v2\/pages\/1332658","targetHints":{"allow":["GET"]}}],"collection":[{"href":"https:\/\/laboklin.de\/de-at\/wp-json\/wp\/v2\/pages"}],"about":[{"href":"https:\/\/laboklin.de\/de-at\/wp-json\/wp\/v2\/types\/page"}],"author":[{"embeddable":true,"href":"https:\/\/laboklin.de\/de-at\/wp-json\/wp\/v2\/users\/1"}],"replies":[{"embeddable":true,"href":"https:\/\/laboklin.de\/de-at\/wp-json\/wp\/v2\/comments?post=1332658"}],"version-history":[{"count":1,"href":"https:\/\/laboklin.de\/de-at\/wp-json\/wp\/v2\/pages\/1332658\/revisions"}],"predecessor-version":[{"id":1338216,"href":"https:\/\/laboklin.de\/de-at\/wp-json\/wp\/v2\/pages\/1332658\/revisions\/1338216"}],"up":[{"embeddable":true,"href":"https:\/\/laboklin.de\/de-at\/wp-json\/wp\/v2\/pages\/1332645"}],"wp:attachment":[{"href":"https:\/\/laboklin.de\/de-at\/wp-json\/wp\/v2\/media?parent=1332658"}],"curies":[{"name":"wp","href":"https:\/\/api.w.org\/{rel}","templated":true}]}}